{"id":11875,"date":"2019-05-28T11:47:55","date_gmt":"2019-05-28T08:47:55","guid":{"rendered":"https:\/\/www.sar-el.org\/rules-and-regulations\/"},"modified":"2026-01-06T20:08:10","modified_gmt":"2026-01-06T18:08:10","slug":"rules-and-regulations","status":"publish","type":"page","link":"https:\/\/www.sar-el.org\/es\/rules-and-regulations\/","title":{"rendered":"Normas y Reglas del Programa"},"content":{"rendered":"\t\t<div data-elementor-type=\"wp-post\" data-elementor-id=\"11875\" class=\"elementor elementor-11875 elementor-1635\">\n\t\t\t\t\t\t<div class=\"elementor-inner\">\n\t\t\t\t<div class=\"elementor-section-wrap\">\n\t\t\t\t\t\t\t\t\t<section class=\"elementor-section elementor-top-section elementor-element elementor-element-947e6be elementor-section-stretched elementor-section-full_width elementor-section-height-min-height elementor-section-height-default elementor-section-items-middle\" data-id=\"947e6be\" data-element_type=\"section\" data-settings=\"{&quot;stretch_section&quot;:&quot;section-stretched&quot;,&quot;background_background&quot;:&quot;classic&quot;}\">\n\t\t\t\t\t\t\t<div class=\"elementor-background-overlay\"><\/div>\n\t\t\t\t\t\t\t<div class=\"elementor-container elementor-column-gap-no\">\n\t\t\t\t\t\t\t<div class=\"elementor-row\">\n\t\t\t\t\t<div class=\"elementor-column elementor-col-100 elementor-top-column elementor-element elementor-element-e497137\" data-id=\"e497137\" data-element_type=\"column\">\n\t\t\t<div class=\"elementor-column-wrap elementor-element-populated\">\n\t\t\t\t\t\t\t<div class=\"elementor-widget-wrap\">\n\t\t\t\t\t\t\t\t<\/div>\n\t\t\t\t\t<\/div>\n\t\t<\/div>\n\t\t\t\t\t\t\t\t<\/div>\n\t\t\t\t\t<\/div>\n\t\t<\/section>\n\t\t\t\t<section class=\"elementor-section elementor-top-section elementor-element elementor-element-644bebb elementor-section-full_width elementor-section-height-default elementor-section-height-default\" data-id=\"644bebb\" data-element_type=\"section\">\n\t\t\t\t\t\t<div class=\"elementor-container elementor-column-gap-no\">\n\t\t\t\t\t\t\t<div class=\"elementor-row\">\n\t\t\t\t\t<div class=\"elementor-column elementor-col-33 elementor-top-column elementor-element elementor-element-01b27ac\" data-id=\"01b27ac\" data-element_type=\"column\">\n\t\t\t<div class=\"elementor-column-wrap elementor-element-populated\">\n\t\t\t\t\t\t\t<div class=\"elementor-widget-wrap\">\n\t\t\t\t\t\t<div class=\"elementor-element elementor-element-45376e4 elementor-nav-menu--stretch elementor-nav-menu__align-left sidemenu elementor-hidden-tablet elementor-hidden-phone elementor-nav-menu--dropdown-tablet elementor-nav-menu__text-align-aside elementor-widget elementor-widget-nav-menu\" data-id=\"45376e4\" data-element_type=\"widget\" data-settings=\"{&quot;layout&quot;:&quot;vertical&quot;,&quot;full_width&quot;:&quot;stretch&quot;,&quot;submenu_icon&quot;:{&quot;value&quot;:&quot;&lt;i class=\\&quot;fas fa-caret-down\\&quot;&gt;&lt;\\\/i&gt;&quot;,&quot;library&quot;:&quot;fa-solid&quot;}}\" data-widget_type=\"nav-menu.default\">\n\t\t\t\t<div class=\"elementor-widget-container\">\n\t\t\t\t\t\t<nav class=\"elementor-nav-menu--main elementor-nav-menu__container elementor-nav-menu--layout-vertical e--pointer-text e--animation-skew\">\n\t\t\t\t<ul id=\"menu-1-45376e4\" class=\"elementor-nav-menu sm-vertical\"><li class=\"menu-item menu-item-type-post_type menu-item-object-page menu-item-13232\"><a href=\"https:\/\/www.sar-el.org\/es\/registration\/\" class=\"elementor-item menu-link\">Registro<\/a><\/li>\n<li class=\"menu-item menu-item-type-post_type menu-item-object-page menu-item-13233\"><a href=\"https:\/\/www.sar-el.org\/es\/program-schedule\/\" class=\"elementor-item menu-link\">Fechas del Programa<\/a><\/li>\n<li class=\"menu-item menu-item-type-post_type menu-item-object-page menu-item-13234\"><a href=\"https:\/\/www.sar-el.org\/es\/volunteer-registration-process\/\" class=\"elementor-item menu-link\">Proceso de inscripci\u00f3n al voluntariado<\/a><\/li>\n<li class=\"menu-item menu-item-type-post_type menu-item-object-page menu-item-13235\"><a href=\"https:\/\/www.sar-el.org\/es\/what-to-expect\/\" class=\"elementor-item menu-link\">Qu\u00e9 esperar<\/a><\/li>\n<li class=\"menu-item menu-item-type-post_type menu-item-object-page menu-item-13236\"><a href=\"https:\/\/www.sar-el.org\/es\/rules-and-regulations\/\" class=\"elementor-item menu-link\">Normas y Reglas del Programa<\/a><\/li>\n<li class=\"menu-item menu-item-type-post_type menu-item-object-page menu-item-13237\"><a href=\"https:\/\/www.sar-el.org\/es\/packing-list\/\" class=\"elementor-item menu-link\">Lista de EQUIPAJE<\/a><\/li>\n<\/ul>\t\t\t<\/nav>\n\t\t\t\t\t\t<nav class=\"elementor-nav-menu--dropdown elementor-nav-menu__container\" aria-hidden=\"true\">\n\t\t\t\t<ul id=\"menu-2-45376e4\" class=\"elementor-nav-menu sm-vertical\"><li class=\"menu-item menu-item-type-post_type menu-item-object-page menu-item-13232\"><a href=\"https:\/\/www.sar-el.org\/es\/registration\/\" class=\"elementor-item menu-link\" tabindex=\"-1\">Registro<\/a><\/li>\n<li class=\"menu-item menu-item-type-post_type menu-item-object-page menu-item-13233\"><a href=\"https:\/\/www.sar-el.org\/es\/program-schedule\/\" class=\"elementor-item menu-link\" tabindex=\"-1\">Fechas del Programa<\/a><\/li>\n<li class=\"menu-item menu-item-type-post_type menu-item-object-page menu-item-13234\"><a href=\"https:\/\/www.sar-el.org\/es\/volunteer-registration-process\/\" class=\"elementor-item menu-link\" tabindex=\"-1\">Proceso de inscripci\u00f3n al voluntariado<\/a><\/li>\n<li class=\"menu-item menu-item-type-post_type menu-item-object-page menu-item-13235\"><a href=\"https:\/\/www.sar-el.org\/es\/what-to-expect\/\" class=\"elementor-item menu-link\" tabindex=\"-1\">Qu\u00e9 esperar<\/a><\/li>\n<li class=\"menu-item menu-item-type-post_type menu-item-object-page menu-item-13236\"><a href=\"https:\/\/www.sar-el.org\/es\/rules-and-regulations\/\" class=\"elementor-item menu-link\" tabindex=\"-1\">Normas y Reglas del Programa<\/a><\/li>\n<li class=\"menu-item menu-item-type-post_type menu-item-object-page menu-item-13237\"><a href=\"https:\/\/www.sar-el.org\/es\/packing-list\/\" class=\"elementor-item menu-link\" tabindex=\"-1\">Lista de EQUIPAJE<\/a><\/li>\n<\/ul>\t\t\t<\/nav>\n\t\t\t\t<\/div>\n\t\t\t\t<\/div>\n\t\t\t\t\t\t<\/div>\n\t\t\t\t\t<\/div>\n\t\t<\/div>\n\t\t\t\t<div class=\"elementor-column elementor-col-66 elementor-top-column elementor-element elementor-element-e4b3a14\" data-id=\"e4b3a14\" data-element_type=\"column\">\n\t\t\t<div class=\"elementor-column-wrap elementor-element-populated\">\n\t\t\t\t\t\t\t<div class=\"elementor-widget-wrap\">\n\t\t\t\t\t\t<section class=\"elementor-section elementor-inner-section elementor-element elementor-element-7941598 elementor-section-boxed elementor-section-height-default elementor-section-height-default\" data-id=\"7941598\" data-element_type=\"section\">\n\t\t\t\t\t\t<div class=\"elementor-container elementor-column-gap-default\">\n\t\t\t\t\t\t\t<div class=\"elementor-row\">\n\t\t\t\t\t<div class=\"elementor-column elementor-col-50 elementor-inner-column elementor-element elementor-element-d47290c\" data-id=\"d47290c\" data-element_type=\"column\">\n\t\t\t<div class=\"elementor-column-wrap elementor-element-populated\">\n\t\t\t\t\t\t\t<div class=\"elementor-widget-wrap\">\n\t\t\t\t\t\t<div class=\"elementor-element elementor-element-6f08b38 elementor-widget elementor-widget-video\" data-id=\"6f08b38\" data-element_type=\"widget\" data-settings=\"{&quot;youtube_url&quot;:&quot;https:\\\/\\\/www.youtube.com\\\/watch?v=q5WaiF8YWRQ&quot;,&quot;video_type&quot;:&quot;youtube&quot;,&quot;controls&quot;:&quot;yes&quot;}\" data-widget_type=\"video.default\">\n\t\t\t\t<div class=\"elementor-widget-container\">\n\t\t\t\t\t<div class=\"elementor-wrapper elementor-open-inline\">\n\t\t\t<div class=\"elementor-video\"><\/div>\t\t<\/div>\n\t\t\t\t<\/div>\n\t\t\t\t<\/div>\n\t\t\t\t\t\t<\/div>\n\t\t\t\t\t<\/div>\n\t\t<\/div>\n\t\t\t\t<div class=\"elementor-column elementor-col-50 elementor-inner-column elementor-element elementor-element-244e433\" data-id=\"244e433\" data-element_type=\"column\">\n\t\t\t<div class=\"elementor-column-wrap elementor-element-populated\">\n\t\t\t\t\t\t\t<div class=\"elementor-widget-wrap\">\n\t\t\t\t\t\t<div class=\"elementor-element elementor-element-25c4c8d elementor-widget elementor-widget-video\" data-id=\"25c4c8d\" data-element_type=\"widget\" data-settings=\"{&quot;youtube_url&quot;:&quot;https:\\\/\\\/www.youtube.com\\\/watch?v=cPLkwWf6M6Q&quot;,&quot;video_type&quot;:&quot;youtube&quot;,&quot;controls&quot;:&quot;yes&quot;}\" data-widget_type=\"video.default\">\n\t\t\t\t<div class=\"elementor-widget-container\">\n\t\t\t\t\t<div class=\"elementor-wrapper elementor-open-inline\">\n\t\t\t<div class=\"elementor-video\"><\/div>\t\t<\/div>\n\t\t\t\t<\/div>\n\t\t\t\t<\/div>\n\t\t\t\t\t\t<\/div>\n\t\t\t\t\t<\/div>\n\t\t<\/div>\n\t\t\t\t\t\t\t\t<\/div>\n\t\t\t\t\t<\/div>\n\t\t<\/section>\n\t\t\t\t<div class=\"elementor-element elementor-element-313a8f2 elementor-widget elementor-widget-text-editor\" data-id=\"313a8f2\" data-element_type=\"widget\" data-widget_type=\"text-editor.default\">\n\t\t\t\t<div class=\"elementor-widget-container\">\n\t\t\t\t\t\t\t\t<div class=\"elementor-text-editor elementor-clearfix\">\n\t\t\t\t<div id=\"page\"><div id=\"content\"><div id=\"post-1912\" class=\"post-1912 page type-page status-publish hentry\"><div class=\"entry\"><div id=\"page\"><div id=\"content\"><div id=\"post-1912\" class=\"post-1912 page type-page status-publish hentry\"><div class=\"entry\"><div id=\"page\"><div id=\"content\"><div id=\"post-88\" class=\"post-88 page type-page status-publish hentry\"><div class=\"entry\"><div id=\"page\"><div id=\"content\"><div id=\"post-88\" class=\"post-88 page type-page status-publish hentry\"><div class=\"entry\"><p>Primero que todo gracias por ver este v\u00eddeo donde se explican las reglas a seguir en la base.\u00a0<\/p><h3><strong>POL\u00cdTICAS\u00a0DE SAR-EL<\/strong><\/h3><p>\u00a0<\/p><p><strong>PAGO DEL PROGRAMA.<\/strong><br \/>El programa est\u00e1ndar tiene una cuota de inscripci\u00f3n para la primera semana y una cuota menor por cada semana adicional. Si un voluntario decide tomarse un descanso de m\u00e1s de dos semanas entre sesiones, se le cobrar\u00e1 la primera semana completa y las semanas adicionales, seg\u00fan corresponda. Pueden aplicarse cargos adicionales para programas o actividades especiales fuera del programa est\u00e1ndar de voluntariado de Sar-El.<\/p><p><strong>EDAD:<\/strong><br \/>La edad m\u00ednima para que un voluntario venga solo es de 17 a\u00f1os. Aceptaremos j\u00f3venes de 16 a\u00f1os acompa\u00f1ados de uno de sus padres o un familiar adulto. Si bien no tenemos un l\u00edmite de edad, los voluntarios deben tener todos los formularios m\u00e9dicos firmados por un m\u00e9dico y ser capaces de soportar las exigencias de vivir en una base en un clima des\u00e9rtico, con las exigencias f\u00edsicas de las tareas laborales.<\/p><p><strong>IDIOMA:<\/strong><br \/>Los grupos son internacionales. Se requiere un nivel b\u00e1sico de ingl\u00e9s para participar en Sar-El. No podemos garantizar que se le aloje en un grupo con otros voluntarios o una madrija que hable su idioma. Sin embargo, haremos todo lo posible para ubicarle en un grupo donde se sienta c\u00f3modo. Las actividades e instrucciones se imparten en ingl\u00e9s, por lo que es importante tener un conocimiento b\u00e1sico del idioma para participar plenamente en el programa.<\/p><p><strong>FECHAS DE LLEGADA\/COMPROMISO DE HORARIO:<\/strong><br \/>Los voluntarios deben confirmar las fechas de su programa antes de su llegada. Todos los programas comienzan los domingos por la ma\u00f1ana. Recomendamos encarecidamente llegar a Israel al menos un d\u00eda antes de la fecha de inicio de su programa. Los voluntarios que lleguen tarde podr\u00e1n ser reasignados, y el transporte a la base correr\u00e1 a cargo del voluntario, siempre que la base pueda recibirlos fuera de la hora de llegada programada. Esto no siempre es posible, por lo que la puntualidad es esencial.<\/p><p><strong>DURACI\u00d3N DEL PROGRAMA:<\/strong><br \/>El programa se desarrolla de domingo a jueves (excepto en d\u00edas festivos o eventos especiales en Israel).<br \/>Para quienes realicen voluntariado durante varias semanas, es importante tener en cuenta que los fines de semana son libres (desde el jueves por la noche hasta el domingo por la ma\u00f1ana, los voluntarios son responsables de su alojamiento y gastos).<\/p><p><strong>INSCRIPCI\u00d3N Y DOCUMENTOS REQUERIDOS.<\/strong><br \/>Todos los voluntarios deben completar su inscripci\u00f3n antes de llegar al programa. No compre boletos de avi\u00f3n hasta que haya recibido la confirmaci\u00f3n oficial de aceptaci\u00f3n de Sar-El. El proceso de inscripci\u00f3n consta de dos pasos principales: primero, completar la solicitud en l\u00ednea y participar en una entrevista por video; y segundo, subir los documentos requeridos: la exenci\u00f3n de responsabilidad, un certificado m\u00e9dico firmado por un m\u00e9dico y una copia de su pasaporte. Una vez que Sar-El haya enviado y aprobado estos documentos, y haya abonado sus cuotas, recibir\u00e1 un correo electr\u00f3nico de confirmaci\u00f3n con todos los detalles necesarios para su servicio voluntario.<\/p><p><strong>SALUD<\/strong><br \/>Los voluntarios deben presentar un certificado m\u00e9dico firmado por un m\u00e9dico que confirme su aptitud f\u00edsica para el trabajo, a menudo en condiciones clim\u00e1ticas adversas, y que pueden dormir en alojamientos b\u00e1sicos de tipo militar. Los voluntarios deben ser conscientes de que el trabajo puede ser f\u00edsicamente exigente y deben evaluar honestamente su salud antes de solicitar el programa.<\/p><p><strong>SEGURO Y MEDICAMENTOS<\/strong><br \/>El seguro m\u00e9dico de emergencia es obligatorio para todos los voluntarios y debe incluir cobertura en Israel para hospitalizaci\u00f3n, atenci\u00f3n de emergencia y repatriaci\u00f3n m\u00e9dica. Los voluntarios son responsables de pagar cualquier gasto m\u00e9dico por adelantado y deben presentar reclamos a su aseguradora despu\u00e9s. Se requiere prueba de seguro antes de la admisi\u00f3n al programa. Los voluntarios deben traer suficiente medicaci\u00f3n para toda su estad\u00eda, incluyendo extra en caso de retrasos, y llevarla en su equipaje de mano. Las farmacias israel\u00edes no suelen aceptar recetas del extranjero, pero tener una copia puede ayudar si se necesita un m\u00e9dico local. Por lo general, no se dispone de refrigeraci\u00f3n para medicamentos y alimentos personales. Los voluntarios deben poder gestionar sus necesidades m\u00e9dicas de forma independiente. A aquellos con afecciones que suponen una carga indebida para el personal o los compa\u00f1eros voluntarios se les puede pedir que abandonen el programa.<\/p><p><strong>EXENCI\u00d3N DE RESPONSABILIDAD<\/strong><br \/>Los voluntarios deben leer, comprender y firmar la exenci\u00f3n de responsabilidad de Sar-El antes de participar en el programa.<\/p><p><strong>RECORDATORIOS DE EMPAQUE:<\/strong><br \/>Empaca ligero: deber\u00e1s llevar tu propio equipaje. Guarda copias adicionales de tu pasaporte en la maleta y aseg\u00farate de que todas las maletas est\u00e9n claramente etiquetadas con tu nombre. Puedes encontrar la lista completa de equipaje haciendo clic\u00a0\u00a0<a href=\"https:\/\/www-sar--el-org.translate.goog\/packing-list\/?_x_tr_sl=en&amp;_x_tr_tl=es&amp;_x_tr_hl=en-US&amp;_x_tr_pto=wapp\">aqu\u00ed<\/a>\u00a0.<\/p><p>Debido a restricciones de seguridad, los voluntarios no pueden viajar a ciertas zonas los fines de semana, como Jordania (Petra) y Egipto (Sina\u00ed). Se les comunicar\u00e1n restricciones de viaje adicionales durante el programa, seg\u00fan sea necesario\u00a0<strong>.<\/strong><br \/><br \/><\/p><p><strong>FOTOGRAF\u00cdAS EN LAS BASES.<\/strong><br \/>Animamos a los voluntarios a compartir su experiencia en Sar-El, pero no tomen fotos de nada sensible o potencialmente clasificado. En caso de duda, consulten siempre a su madrij\/a antes de tomar una foto. No se deben publicar ni mencionar en l\u00ednea ni en art\u00edculos fotos de soldados con armas ni los nombres de las bases. Por favor, pregunten a sus compa\u00f1eros voluntarios si les parece bien antes de tomarles una foto. Incumplir estas normas puede resultar en la expulsi\u00f3n inmediata del programa y la descalificaci\u00f3n permanente para futuras participaciones.<\/p><p><strong>HORARIO DE SAR-EL:<\/strong><br \/>Por favor, revise atentamente el horario, ya que hay semanas durante el a\u00f1o en las que no hay programas de voluntariado de Sar-El. Para evitar llegar sin programa, aseg\u00farese de inscribirse solo en las fechas en las que las actividades de Sar-El est\u00e9n confirmadas. Adem\u00e1s, inscr\u00edbase al menos 6 semanas antes de su inicio.<\/p><p><strong>TRANSPORTE DESDE LAS BASES:<\/strong><br \/>Sar-El proporciona transporte a las bases el primer d\u00eda del programa y regresa a los voluntarios a un punto central en Tel Aviv los jueves. En caso de que contin\u00faen una semana m\u00e1s, los voluntarios son responsables de organizar su propio transporte al aeropuerto el domingo siguiente por la ma\u00f1ana. Se proporcionar\u00e1 informaci\u00f3n detallada durante el programa.<\/p><p><strong>ACTIVIDADES DEL PROGRAMA<\/strong><br \/>Las actividades nocturnas son una parte obligatoria del programa Sar-El y se espera que todos los voluntarios participen.<\/p><p><strong>UNIFORME EN LA BASE.<\/strong><br \/>Debe usar el uniforme Sar-El que se le proporcion\u00f3 el primer d\u00eda en la base durante todo el d\u00eda. Es responsable de traer su propio\u00a0calzado cerrado y c\u00f3modo\u00a0<strong>.<\/strong><\/p><p><strong>ROPA:<\/strong><br \/>Es su responsabilidad usar ropa apropiada durante el programa. Esto significa no usar zapatos abiertos, excepto en las duchas; no usar camisetas sin mangas ni camisetas que dejen los hombros al descubierto; ni usar pantalones cortos, faldas ni pantalones por encima de la rodilla.<\/p><p><strong>RELIGI\u00d3N Y POL\u00cdTICA.<\/strong><br \/>Durante el programa Sar-El, est\u00e1 estrictamente prohibido hablar de religi\u00f3n o pol\u00edtica. Los voluntarios deben evitar cualquier conversaci\u00f3n que pueda considerarse persuasiva, ofensiva o inc\u00f3moda.<\/p><p><strong>DROGAS Y ALCOHOL.<\/strong><br \/>La posesi\u00f3n o el consumo de drogas o alcohol durante el programa est\u00e1 estrictamente prohibido. El incumplimiento de esta norma resultar\u00e1 en la expulsi\u00f3n inmediata y la descalificaci\u00f3n permanente para futuras participaciones.<\/p><p><strong>REGLAS GENERALES<\/strong><br \/>Cualquier violaci\u00f3n a las reglas de Sar-El resultar\u00e1 en la expulsi\u00f3n inmediata del programa y la prohibici\u00f3n permanente de participar en el futuro.<\/p><\/div><\/div><\/div><\/div><\/div><\/div><\/div><\/div><\/div><\/div><\/div><\/div><\/div><\/div><\/div><\/div>\t\t\t\t\t<\/div>\n\t\t\t\t\t\t<\/div>\n\t\t\t\t<\/div>\n\t\t\t\t\t\t<\/div>\n\t\t\t\t\t<\/div>\n\t\t<\/div>\n\t\t\t\t\t\t\t\t<\/div>\n\t\t\t\t\t<\/div>\n\t\t<\/section>\n\t\t\t\t\t\t\t\t\t<\/div>\n\t\t\t<\/div>\n\t\t\t\t\t<\/div>\n\t\t","protected":false},"excerpt":{"rendered":"<p>https:\/\/www.youtube.com\/watch?v=q5WaiF8YWRQhttps:\/\/www.youtube.com\/watch?v=cPLkwWf6M6Q Primero que todo gracias por ver este v\u00eddeo donde se explican las reglas a seguir en la base. POL\u00cdTICAS\u00a0DE SAR-EL PAGO DEL PROGRAMA. El programa est\u00e1ndar tiene una cuota de inscripci\u00f3n para la primera semana y una cuota menor por cada semana adicional. Si un voluntario decide tomarse un descanso de m\u00e1s de dos &hellip;<\/p>\n<p class=\"read-more\"> <a class=\"\" href=\"https:\/\/www.sar-el.org\/es\/rules-and-regulations\/\"> <span class=\"screen-reader-text\">Normas y Reglas del Programa<\/span> Leer m\u00e1s \u00bb<\/a><\/p>\n","protected":false},"author":1,"featured_media":0,"parent":0,"menu_order":0,"comment_status":"closed","ping_status":"closed","template":"","meta":{"footnotes":""},"class_list":["post-11875","page","type-page","status-publish","hentry"],"yoast_head":"<!-- This site is optimized with the Yoast SEO plugin v15.9 - https:\/\/yoast.com\/wordpress\/plugins\/seo\/ -->\n<title>Normas y Reglas del Programa - SAR-EL - Volunteers for Israel<\/title>\n<meta name=\"robots\" content=\"index, follow, max-snippet:-1, max-image-preview:large, max-video-preview:-1\" \/>\n<link rel=\"canonical\" href=\"https:\/\/www.sar-el.org\/es\/rules-and-regulations\/\" \/>\n<meta property=\"og:locale\" content=\"es_ES\" \/>\n<meta property=\"og:type\" content=\"article\" \/>\n<meta property=\"og:title\" content=\"Normas y Reglas del Programa - SAR-EL - Volunteers for Israel\" \/>\n<meta property=\"og:description\" content=\"https:\/\/www.youtube.com\/watch?v=q5WaiF8YWRQhttps:\/\/www.youtube.com\/watch?v=cPLkwWf6M6Q Primero que todo gracias por ver este v\u00eddeo donde se explican las reglas a seguir en la base. POL\u00cdTICAS\u00a0DE SAR-EL PAGO DEL PROGRAMA. El programa est\u00e1ndar tiene una cuota de inscripci\u00f3n para la primera semana y una cuota menor por cada semana adicional. Si un voluntario decide tomarse un descanso de m\u00e1s de dos &hellip; Normas y Reglas del Programa Leer m\u00e1s \u00bb\" \/>\n<meta property=\"og:url\" content=\"https:\/\/www.sar-el.org\/es\/rules-and-regulations\/\" \/>\n<meta property=\"og:site_name\" content=\"SAR-EL - Volunteers for Israel\" \/>\n<meta property=\"article:modified_time\" content=\"2026-01-06T18:08:10+00:00\" \/>\n<meta name=\"twitter:card\" content=\"summary_large_image\" \/>\n<meta name=\"twitter:label1\" content=\"Tiempo de lectura\">\n\t<meta name=\"twitter:data1\" content=\"6 minutos\">\n<script type=\"application\/ld+json\" class=\"yoast-schema-graph\">{\"@context\":\"https:\/\/schema.org\",\"@graph\":[{\"@type\":\"WebSite\",\"@id\":\"https:\/\/www.sar-el.org\/es\/#website\",\"url\":\"https:\/\/www.sar-el.org\/es\/\",\"name\":\"SAR-EL - Volunteers for Israel\",\"description\":\"The National Project for Volunteers for Israel\",\"potentialAction\":[{\"@type\":\"SearchAction\",\"target\":\"https:\/\/www.sar-el.org\/es\/?s={search_term_string}\",\"query-input\":\"required name=search_term_string\"}],\"inLanguage\":\"es\"},{\"@type\":\"WebPage\",\"@id\":\"https:\/\/www.sar-el.org\/es\/rules-and-regulations\/#webpage\",\"url\":\"https:\/\/www.sar-el.org\/es\/rules-and-regulations\/\",\"name\":\"Normas y Reglas del Programa - SAR-EL - Volunteers for Israel\",\"isPartOf\":{\"@id\":\"https:\/\/www.sar-el.org\/es\/#website\"},\"datePublished\":\"2019-05-28T08:47:55+00:00\",\"dateModified\":\"2026-01-06T18:08:10+00:00\",\"breadcrumb\":{\"@id\":\"https:\/\/www.sar-el.org\/es\/rules-and-regulations\/#breadcrumb\"},\"inLanguage\":\"es\",\"potentialAction\":[{\"@type\":\"ReadAction\",\"target\":[\"https:\/\/www.sar-el.org\/es\/rules-and-regulations\/\"]}]},{\"@type\":\"BreadcrumbList\",\"@id\":\"https:\/\/www.sar-el.org\/es\/rules-and-regulations\/#breadcrumb\",\"itemListElement\":[{\"@type\":\"ListItem\",\"position\":1,\"item\":{\"@type\":\"WebPage\",\"@id\":\"https:\/\/www.sar-el.org\/es\/\",\"url\":\"https:\/\/www.sar-el.org\/es\/\",\"name\":\"Home\"}},{\"@type\":\"ListItem\",\"position\":2,\"item\":{\"@type\":\"WebPage\",\"@id\":\"https:\/\/www.sar-el.org\/es\/rules-and-regulations\/\",\"url\":\"https:\/\/www.sar-el.org\/es\/rules-and-regulations\/\",\"name\":\"Normas y Reglas del Programa\"}}]}]}<\/script>\n<!-- \/ Yoast SEO plugin. -->","_links":{"self":[{"href":"https:\/\/www.sar-el.org\/es\/wp-json\/wp\/v2\/pages\/11875","targetHints":{"allow":["GET"]}}],"collection":[{"href":"https:\/\/www.sar-el.org\/es\/wp-json\/wp\/v2\/pages"}],"about":[{"href":"https:\/\/www.sar-el.org\/es\/wp-json\/wp\/v2\/types\/page"}],"author":[{"embeddable":true,"href":"https:\/\/www.sar-el.org\/es\/wp-json\/wp\/v2\/users\/1"}],"replies":[{"embeddable":true,"href":"https:\/\/www.sar-el.org\/es\/wp-json\/wp\/v2\/comments?post=11875"}],"version-history":[{"count":6,"href":"https:\/\/www.sar-el.org\/es\/wp-json\/wp\/v2\/pages\/11875\/revisions"}],"predecessor-version":[{"id":14039,"href":"https:\/\/www.sar-el.org\/es\/wp-json\/wp\/v2\/pages\/11875\/revisions\/14039"}],"wp:attachment":[{"href":"https:\/\/www.sar-el.org\/es\/wp-json\/wp\/v2\/media?parent=11875"}],"curies":[{"name":"wp","href":"https:\/\/api.w.org\/{rel}","templated":true}]}}