{"id":11899,"date":"2025-09-20T08:00:50","date_gmt":"2025-09-20T05:00:50","guid":{"rendered":"https:\/\/www.sar-el.org\/?page_id=11899"},"modified":"2025-09-20T08:03:43","modified_gmt":"2025-09-20T05:03:43","slug":"birthright-israel-volunteer","status":"publish","type":"page","link":"https:\/\/www.sar-el.org\/es\/special-programs\/birthright-israel-volunteer\/","title":{"rendered":"Birthright Israel Volunteer"},"content":{"rendered":"\t\t<div data-elementor-type=\"wp-page\" data-elementor-id=\"11899\" class=\"elementor elementor-11899\">\n\t\t\t\t\t\t<div class=\"elementor-inner\">\n\t\t\t\t<div class=\"elementor-section-wrap\">\n\t\t\t\t\t\t\t\t\t<section class=\"elementor-section elementor-top-section elementor-element elementor-element-66e0db99 elementor-section-stretched elementor-section-full_width elementor-section-height-min-height elementor-section-height-default elementor-section-items-middle\" data-id=\"66e0db99\" data-element_type=\"section\" data-settings=\"{&quot;stretch_section&quot;:&quot;section-stretched&quot;,&quot;background_background&quot;:&quot;classic&quot;}\">\n\t\t\t\t\t\t\t<div class=\"elementor-background-overlay\"><\/div>\n\t\t\t\t\t\t\t<div class=\"elementor-container elementor-column-gap-no\">\n\t\t\t\t\t\t\t<div class=\"elementor-row\">\n\t\t\t\t\t<div class=\"elementor-column elementor-col-100 elementor-top-column elementor-element elementor-element-33f49e1a\" data-id=\"33f49e1a\" data-element_type=\"column\">\n\t\t\t<div class=\"elementor-column-wrap elementor-element-populated\">\n\t\t\t\t\t\t\t<div class=\"elementor-widget-wrap\">\n\t\t\t\t\t\t\t\t<\/div>\n\t\t\t\t\t<\/div>\n\t\t<\/div>\n\t\t\t\t\t\t\t\t<\/div>\n\t\t\t\t\t<\/div>\n\t\t<\/section>\n\t\t\t\t<section class=\"elementor-section elementor-top-section elementor-element elementor-element-12be1472 elementor-section-boxed elementor-section-height-default elementor-section-height-default\" data-id=\"12be1472\" data-element_type=\"section\">\n\t\t\t\t\t\t<div class=\"elementor-container elementor-column-gap-no\">\n\t\t\t\t\t\t\t<div class=\"elementor-row\">\n\t\t\t\t\t<div class=\"elementor-column elementor-col-33 elementor-top-column elementor-element elementor-element-6a911c4b\" data-id=\"6a911c4b\" data-element_type=\"column\">\n\t\t\t<div class=\"elementor-column-wrap elementor-element-populated\">\n\t\t\t\t\t\t\t<div class=\"elementor-widget-wrap\">\n\t\t\t\t\t\t<div class=\"elementor-element elementor-element-3403ac60 elementor-widget elementor-widget-text-editor\" data-id=\"3403ac60\" data-element_type=\"widget\" data-widget_type=\"text-editor.default\">\n\t\t\t\t<div class=\"elementor-widget-container\">\n\t\t\t\t\t\t\t\t<div class=\"elementor-text-editor elementor-clearfix\">\n\t\t\t\t<h3><strong>Programa conjunto de <\/strong><strong>BIRTHRIGHT\u00a0ISRAEL <\/strong><strong>VOLUNTEER y SAR-EL en 2025\u00a0<\/strong><\/h3><p>\u00a0<\/p><h3>Sar-El se asocia con Birthright Israel Volunteer para ofrecer una extraordinaria experiencia de voluntariado de dos semanas, reuniendo a j\u00f3venes de entre 18 y 50 a\u00f1os de todo el mundo para apoyar a Israel. Los participantes tendr\u00e1n la oportunidad de apoyar directamente las iniciativas de defensa de Israel, desde la organizaci\u00f3n de suministros hasta el apoyo log\u00edstico esencial para las Fuerzas de Defensa de Israel (FDI).<\/h3><p>Este viaje es especialmente vital en estos momentos cr\u00edticos. Ante la creciente demanda de recursos para Israel, cada mano cuenta. Los voluntarios trabajar\u00e1n junto al personal de las FDI y ver\u00e1n de primera mano el impacto de sus contribuciones sobre el terreno.<\/p><p><strong>Fechas del programa:<\/strong><\/p><ul><li>8-19 de junio de 2025<\/li><li>13-24 de julio de 2025<\/li><li>21 de diciembre de 2025 &#8211; 1 de enero de 2026<\/li><\/ul><p><strong>Detalles del programa:<\/strong><\/p><ul><li>Actividades: Los voluntarios trabajar\u00e1n junto al personal de las FDI, viviendo en una base de las FDI durante la semana y pasando un Shabat memorable en Tel Aviv.<\/li><li>Actividades culturales: Disfrute de enriquecedoras actividades culturales, que incluyen recorridos y debates que dan vida a la historia y la vibrante cultura de Israel.<\/li><li>Tarifa de inscripci\u00f3n: $50 para Birthright Israel Volunteer<\/li><li>Vuelos: Los participantes realizar\u00e1n sus propios arreglos de vuelo y podr\u00e1n ser elegibles para reembolsos de la siguiente manera:<\/li><li>$900 desde: Latinoam\u00e9rica, Sudam\u00e9rica, Centroam\u00e9rica, Australia, Sud\u00e1frica<\/li><li>$700 desde: Am\u00e9rica del Norte, Asia, ex Uni\u00f3n Sovi\u00e9tica<\/li><li>$500 desde: Europa y resto del mundo<\/li><\/ul><p><strong>Proceso de registro:<\/strong>\u00a0<\/p><ul><li>Cada participante se registrar\u00e1 en el sitio web de Sar-El y continuar\u00e1 a trav\u00e9s de un proceso de entrevista.<\/li><li>Si contin\u00faan desde all\u00ed, los participantes recibir\u00e1n un enlace para completar la solicitud Birthright Israel en el sitio web de Israel Outdoors.<\/li><li>Luego, los participantes completar\u00e1n el proceso con Birthright Israel Volunteer antes de finalizar el viaje.<\/li><\/ul><p>Esta colaboraci\u00f3n entre Sar-El y Birthright Israel Volunteer promete una experiencia inolvidable que combina servicio, conexi\u00f3n y aventura. Las plazas se est\u00e1n agotando, as\u00ed que inscr\u00edbete hoy mismo en\u00a0\u00a0<a href=\"https:\/\/www-sar--el-org.translate.goog\/?_x_tr_sl=en&amp;_x_tr_tl=es&amp;_x_tr_hl=en-US&amp;_x_tr_pto=wapp\">www.Sar-El.org<\/a>\u00a0\u00a0\u00a0para asegurar tu lugar. \u00danete a nosotros para apoyar a Israel, a las Fuerzas de Defensa de Israel y para estrechar lazos con otras personas que comparten tu compromiso.<\/p><p>Para m\u00e1s informaci\u00f3n: Por favor, contacte con\u00a0\u00a0<a href=\"https:\/\/www-sar--el-org.translate.goog\/cdn-cgi\/l\/email-protection?_x_tr_sl=en&amp;_x_tr_tl=es&amp;_x_tr_hl=en-US&amp;_x_tr_pto=wapp#640d0a020b241705164901084a0b1603\">info@sar-el.org\u00a0<\/a>\u00a0e indique el\u00a0pa\u00eds desde el que viaja. Este programa se imparte en ingl\u00e9s. Se acepta la asistencia previa a otros programas de Birthright.<\/p>\t\t\t\t\t<\/div>\n\t\t\t\t\t\t<\/div>\n\t\t\t\t<\/div>\n\t\t\t\t<div class=\"elementor-element elementor-element-46f0e835 elementor-align-center elementor-widget elementor-widget-button\" data-id=\"46f0e835\" data-element_type=\"widget\" data-widget_type=\"button.default\">\n\t\t\t\t<div class=\"elementor-widget-container\">\n\t\t\t\t\t<div class=\"elementor-button-wrapper\">\n\t\t\t<a href=\"https:\/\/www.sar-el.org\/es\/registration\/\" target=\"_blank\" class=\"elementor-button-link elementor-button elementor-size-sm\" role=\"button\">\n\t\t\t\t\t\t<span class=\"elementor-button-content-wrapper\">\n\t\t\t\t\t\t<span class=\"elementor-button-text\">Reg\u00edstrate ahora<\/span>\n\t\t<\/span>\n\t\t\t\t\t<\/a>\n\t\t<\/div>\n\t\t\t\t<\/div>\n\t\t\t\t<\/div>\n\t\t\t\t\t\t<\/div>\n\t\t\t\t\t<\/div>\n\t\t<\/div>\n\t\t\t\t<div class=\"elementor-column elementor-col-33 elementor-top-column elementor-element elementor-element-34cd5843\" data-id=\"34cd5843\" data-element_type=\"column\">\n\t\t\t<div class=\"elementor-column-wrap\">\n\t\t\t\t\t\t\t<div class=\"elementor-widget-wrap\">\n\t\t\t\t\t\t\t\t<\/div>\n\t\t\t\t\t<\/div>\n\t\t<\/div>\n\t\t\t\t<div class=\"elementor-column elementor-col-33 elementor-top-column elementor-element elementor-element-2ec7035a\" data-id=\"2ec7035a\" data-element_type=\"column\">\n\t\t\t<div class=\"elementor-column-wrap elementor-element-populated\">\n\t\t\t\t\t\t\t<div class=\"elementor-widget-wrap\">\n\t\t\t\t\t\t\t\t<\/div>\n\t\t\t\t\t<\/div>\n\t\t<\/div>\n\t\t\t\t\t\t\t\t<\/div>\n\t\t\t\t\t<\/div>\n\t\t<\/section>\n\t\t\t\t\t\t\t\t\t<\/div>\n\t\t\t<\/div>\n\t\t\t\t\t<\/div>\n\t\t","protected":false},"excerpt":{"rendered":"<p>Programa conjunto de BIRTHRIGHT\u00a0ISRAEL VOLUNTEER y SAR-EL en 2025\u00a0 \u00a0 Sar-El se asocia con Birthright Israel Volunteer para ofrecer una extraordinaria experiencia de voluntariado de dos semanas, reuniendo a j\u00f3venes de entre 18 y 50 a\u00f1os de todo el mundo para apoyar a Israel. Los participantes tendr\u00e1n la oportunidad de apoyar directamente las iniciativas de &hellip;<\/p>\n<p class=\"read-more\"> <a class=\"\" href=\"https:\/\/www.sar-el.org\/es\/special-programs\/birthright-israel-volunteer\/\"> <span class=\"screen-reader-text\">Birthright Israel Volunteer<\/span> Leer m\u00e1s \u00bb<\/a><\/p>\n","protected":false},"author":2,"featured_media":0,"parent":11890,"menu_order":0,"comment_status":"closed","ping_status":"closed","template":"","meta":{"footnotes":""},"class_list":["post-11899","page","type-page","status-publish","hentry"],"yoast_head":"<!-- This site is optimized with the Yoast SEO plugin v15.9 - https:\/\/yoast.com\/wordpress\/plugins\/seo\/ -->\n<title>Birthright Israel Volunteer - SAR-EL - Volunteers for Israel<\/title>\n<meta name=\"robots\" content=\"index, follow, max-snippet:-1, max-image-preview:large, max-video-preview:-1\" \/>\n<link rel=\"canonical\" href=\"https:\/\/www.sar-el.org\/es\/special-programs\/birthright-israel-volunteer\/\" \/>\n<meta property=\"og:locale\" content=\"es_ES\" \/>\n<meta property=\"og:type\" content=\"article\" \/>\n<meta property=\"og:title\" content=\"Birthright Israel Volunteer - SAR-EL - Volunteers for Israel\" \/>\n<meta property=\"og:description\" content=\"Programa conjunto de BIRTHRIGHT\u00a0ISRAEL VOLUNTEER y SAR-EL en 2025\u00a0 \u00a0 Sar-El se asocia con Birthright Israel Volunteer para ofrecer una extraordinaria experiencia de voluntariado de dos semanas, reuniendo a j\u00f3venes de entre 18 y 50 a\u00f1os de todo el mundo para apoyar a Israel. Los participantes tendr\u00e1n la oportunidad de apoyar directamente las iniciativas de &hellip; Birthright Israel Volunteer Leer m\u00e1s \u00bb\" \/>\n<meta property=\"og:url\" content=\"https:\/\/www.sar-el.org\/es\/special-programs\/birthright-israel-volunteer\/\" \/>\n<meta property=\"og:site_name\" content=\"SAR-EL - Volunteers for Israel\" \/>\n<meta property=\"article:modified_time\" content=\"2025-09-20T05:03:43+00:00\" \/>\n<meta name=\"twitter:card\" content=\"summary_large_image\" \/>\n<meta name=\"twitter:label1\" content=\"Tiempo de lectura\">\n\t<meta name=\"twitter:data1\" content=\"2 minutos\">\n<script type=\"application\/ld+json\" class=\"yoast-schema-graph\">{\"@context\":\"https:\/\/schema.org\",\"@graph\":[{\"@type\":\"WebSite\",\"@id\":\"https:\/\/www.sar-el.org\/es\/#website\",\"url\":\"https:\/\/www.sar-el.org\/es\/\",\"name\":\"SAR-EL - Volunteers for Israel\",\"description\":\"The National Project for Volunteers for Israel\",\"potentialAction\":[{\"@type\":\"SearchAction\",\"target\":\"https:\/\/www.sar-el.org\/es\/?s={search_term_string}\",\"query-input\":\"required name=search_term_string\"}],\"inLanguage\":\"es\"},{\"@type\":\"WebPage\",\"@id\":\"https:\/\/www.sar-el.org\/es\/special-programs\/birthright-israel-volunteer\/#webpage\",\"url\":\"https:\/\/www.sar-el.org\/es\/special-programs\/birthright-israel-volunteer\/\",\"name\":\"Birthright Israel Volunteer - SAR-EL - Volunteers for Israel\",\"isPartOf\":{\"@id\":\"https:\/\/www.sar-el.org\/es\/#website\"},\"datePublished\":\"2025-09-20T05:00:50+00:00\",\"dateModified\":\"2025-09-20T05:03:43+00:00\",\"breadcrumb\":{\"@id\":\"https:\/\/www.sar-el.org\/es\/special-programs\/birthright-israel-volunteer\/#breadcrumb\"},\"inLanguage\":\"es\",\"potentialAction\":[{\"@type\":\"ReadAction\",\"target\":[\"https:\/\/www.sar-el.org\/es\/special-programs\/birthright-israel-volunteer\/\"]}]},{\"@type\":\"BreadcrumbList\",\"@id\":\"https:\/\/www.sar-el.org\/es\/special-programs\/birthright-israel-volunteer\/#breadcrumb\",\"itemListElement\":[{\"@type\":\"ListItem\",\"position\":1,\"item\":{\"@type\":\"WebPage\",\"@id\":\"https:\/\/www.sar-el.org\/es\/\",\"url\":\"https:\/\/www.sar-el.org\/es\/\",\"name\":\"Home\"}},{\"@type\":\"ListItem\",\"position\":2,\"item\":{\"@type\":\"WebPage\",\"@id\":\"https:\/\/www.sar-el.org\/es\/special-programs\/\",\"url\":\"https:\/\/www.sar-el.org\/es\/special-programs\/\",\"name\":\"PROGRAMAS ESPECIALES\"}},{\"@type\":\"ListItem\",\"position\":3,\"item\":{\"@type\":\"WebPage\",\"@id\":\"https:\/\/www.sar-el.org\/es\/special-programs\/birthright-israel-volunteer\/\",\"url\":\"https:\/\/www.sar-el.org\/es\/special-programs\/birthright-israel-volunteer\/\",\"name\":\"Birthright Israel Volunteer\"}}]}]}<\/script>\n<!-- \/ Yoast SEO plugin. -->","_links":{"self":[{"href":"https:\/\/www.sar-el.org\/es\/wp-json\/wp\/v2\/pages\/11899","targetHints":{"allow":["GET"]}}],"collection":[{"href":"https:\/\/www.sar-el.org\/es\/wp-json\/wp\/v2\/pages"}],"about":[{"href":"https:\/\/www.sar-el.org\/es\/wp-json\/wp\/v2\/types\/page"}],"author":[{"embeddable":true,"href":"https:\/\/www.sar-el.org\/es\/wp-json\/wp\/v2\/users\/2"}],"replies":[{"embeddable":true,"href":"https:\/\/www.sar-el.org\/es\/wp-json\/wp\/v2\/comments?post=11899"}],"version-history":[{"count":13,"href":"https:\/\/www.sar-el.org\/es\/wp-json\/wp\/v2\/pages\/11899\/revisions"}],"predecessor-version":[{"id":11913,"href":"https:\/\/www.sar-el.org\/es\/wp-json\/wp\/v2\/pages\/11899\/revisions\/11913"}],"up":[{"embeddable":true,"href":"https:\/\/www.sar-el.org\/es\/wp-json\/wp\/v2\/pages\/11890"}],"wp:attachment":[{"href":"https:\/\/www.sar-el.org\/es\/wp-json\/wp\/v2\/media?parent=11899"}],"curies":[{"name":"wp","href":"https:\/\/api.w.org\/{rel}","templated":true}]}}