{"id":11923,"date":"2024-12-05T16:19:29","date_gmt":"2024-12-05T14:19:29","guid":{"rendered":"https:\/\/www.sar-el.org\/magen-david-adom\/"},"modified":"2026-01-15T09:50:09","modified_gmt":"2026-01-15T07:50:09","slug":"magen-david-adom","status":"publish","type":"page","link":"https:\/\/www.sar-el.org\/es\/magen-david-adom\/","title":{"rendered":"Magen David Adom (MDA)"},"content":{"rendered":"\t\t<div data-elementor-type=\"wp-post\" data-elementor-id=\"11923\" class=\"elementor elementor-11923 elementor-9851\">\n\t\t\t\t\t\t<div class=\"elementor-inner\">\n\t\t\t\t<div class=\"elementor-section-wrap\">\n\t\t\t\t\t\t\t\t\t<section class=\"elementor-section elementor-top-section elementor-element elementor-element-0b84203 elementor-section-stretched elementor-section-full_width elementor-section-height-min-height elementor-section-height-default elementor-section-items-middle\" data-id=\"0b84203\" data-element_type=\"section\" data-settings=\"{&quot;stretch_section&quot;:&quot;section-stretched&quot;,&quot;background_background&quot;:&quot;classic&quot;}\">\n\t\t\t\t\t\t\t<div class=\"elementor-background-overlay\"><\/div>\n\t\t\t\t\t\t\t<div class=\"elementor-container elementor-column-gap-no\">\n\t\t\t\t\t\t\t<div class=\"elementor-row\">\n\t\t\t\t\t<div class=\"elementor-column elementor-col-100 elementor-top-column elementor-element elementor-element-3a1c6ea\" data-id=\"3a1c6ea\" data-element_type=\"column\">\n\t\t\t<div class=\"elementor-column-wrap elementor-element-populated\">\n\t\t\t\t\t\t\t<div class=\"elementor-widget-wrap\">\n\t\t\t\t\t\t\t\t<\/div>\n\t\t\t\t\t<\/div>\n\t\t<\/div>\n\t\t\t\t\t\t\t\t<\/div>\n\t\t\t\t\t<\/div>\n\t\t<\/section>\n\t\t\t\t<section class=\"elementor-section elementor-top-section elementor-element elementor-element-9a0b5c6 elementor-section-boxed elementor-section-height-default elementor-section-height-default\" data-id=\"9a0b5c6\" data-element_type=\"section\">\n\t\t\t\t\t\t<div class=\"elementor-container elementor-column-gap-no\">\n\t\t\t\t\t\t\t<div class=\"elementor-row\">\n\t\t\t\t\t<div class=\"elementor-column elementor-col-33 elementor-top-column elementor-element elementor-element-5214684\" data-id=\"5214684\" data-element_type=\"column\">\n\t\t\t<div class=\"elementor-column-wrap elementor-element-populated\">\n\t\t\t\t\t\t\t<div class=\"elementor-widget-wrap\">\n\t\t\t\t\t\t<div class=\"elementor-element elementor-element-3653fba elementor-widget elementor-widget-text-editor\" data-id=\"3653fba\" data-element_type=\"widget\" data-widget_type=\"text-editor.default\">\n\t\t\t\t<div class=\"elementor-widget-container\">\n\t\t\t\t\t\t\t\t<div class=\"elementor-text-editor elementor-clearfix\">\n\t\t\t\t<p>En Sar-El, estamos encantados con nuestra innovadora colaboraci\u00f3n con\u00a0<strong>Magen David Adom (MDA)<\/strong>\u00a0para ofrecerles el\u00a0<strong>Programa Intensivo de Primeros Auxilios \u00abNe&#8217;eman Chaim\u201d.<\/strong> Esta oportunidad transformadora combina un voluntariado significativo en una base de las Fuerzas de Defensa de Israel (FDI) con capacitaci\u00f3n en primeros auxilios que salva vidas, brind\u00e1ndoles las habilidades y los conocimientos necesarios para marcar la diferencia en su comunidad y m\u00e1s all\u00e1.<\/p><h4><strong>Aspectos destacados del programa<\/strong><\/h4><p>Como parte de tu viaje de voluntariado de dos semanas en Sar-El, el programa \u00abNe&#8217;eman Chaim\u00bb ofrece\u00a0<strong>20 horas de capacitaci\u00f3n inmersiva en primeros auxilios<\/strong>, impartida por expertos de la MDA. El programa incluye:<\/p><ul><li><strong>Dos sesiones en la base<\/strong>: los profesionales de MDA visitar\u00e1n a su grupo para brindar capacitaci\u00f3n pr\u00e1ctica adaptada a emergencias del mundo real.<\/li><li><strong>Dos visitas a la sede de la MDA<\/strong>: Sum\u00e9rjase en el coraz\u00f3n del sistema de respuesta a emergencias de Israel. Conocer\u00e1 a expertos experimentados, escuchar\u00e1 testimonios de primera mano y participar\u00e1 en ejercicios de capacitaci\u00f3n colaborativa.<\/li><li><strong>Horarios flexibles<\/strong>: la capacitaci\u00f3n se distribuye en dos tardes por semana y una sesi\u00f3n extendida los jueves, dise\u00f1ada para adaptarse perfectamente a su agenda de voluntariado.<\/li><\/ul><h4><strong>\u00bfPor qu\u00e9 unirse?<\/strong><\/h4><p>Este programa no se trata solo de adquirir nuevas habilidades; se trata de\u00a0<strong>empoderamiento, preparaci\u00f3n y conexi\u00f3n<\/strong>. Ganar\u00e1s la confianza para responder eficazmente en emergencias, a la vez que profundizas tu v\u00ednculo con el pueblo y la cultura de Israel. Adem\u00e1s, al finalizar el programa, recibir\u00e1s un\u00a0<strong>certificado de finalizaci\u00f3n<\/strong>\u00a0para conmemorar tu logro.<\/p><h4><strong>Costo adicional<\/strong><\/h4><p>La participaci\u00f3n en este invaluable programa requiere una tarifa suplementaria de\u00a0<strong>$350<\/strong>\u00a0, lo que garantiza una experiencia enriquecedora y de alta calidad.<\/p><h4><strong>\u00a1Reg\u00edstrate hoy!<\/strong><\/h4><p>Las plazas son limitadas para esta oportunidad exclusiva, as\u00ed que no te pierdas la oportunidad de formar parte del programa \u00abNe&#8217;eman Chaim\u00bb.\u00a0<strong>Inscr\u00edbete ahora<\/strong>\u00a0y emprende un viaje que dejar\u00e1 un impacto duradero en tu vida y en la de los dem\u00e1s.<\/p><p>Juntos, Sar-El y Magen David Adom empoderan a los voluntarios para servir, aprender y liderar. \u00danete a esta incre\u00edble iniciativa y convi\u00e9rtete en un verdadero guardi\u00e1n de la vida.<\/p><p><strong>Fechas para 2026:<\/strong><strong><br \/><\/strong>3 may \u2013 14 may<br \/>4 oct \u2013 15 oct<\/p>\t\t\t\t\t<\/div>\n\t\t\t\t\t\t<\/div>\n\t\t\t\t<\/div>\n\t\t\t\t<section class=\"elementor-section elementor-inner-section elementor-element elementor-element-c177241 elementor-section-boxed elementor-section-height-default elementor-section-height-default\" data-id=\"c177241\" data-element_type=\"section\">\n\t\t\t\t\t\t<div class=\"elementor-container elementor-column-gap-default\">\n\t\t\t\t\t\t\t<div class=\"elementor-row\">\n\t\t\t\t\t<div class=\"elementor-column elementor-col-50 elementor-inner-column elementor-element elementor-element-dd7f28c\" data-id=\"dd7f28c\" data-element_type=\"column\">\n\t\t\t<div class=\"elementor-column-wrap elementor-element-populated\">\n\t\t\t\t\t\t\t<div class=\"elementor-widget-wrap\">\n\t\t\t\t\t\t<div class=\"elementor-element elementor-element-ca2397a elementor-widget elementor-widget-image\" data-id=\"ca2397a\" data-element_type=\"widget\" data-widget_type=\"image.default\">\n\t\t\t\t<div class=\"elementor-widget-container\">\n\t\t\t\t\t\t\t\t<div class=\"elementor-image\">\n\t\t\t\t\t\t\t\t\t\t\t\t<img loading=\"lazy\" decoding=\"async\" width=\"1024\" height=\"1011\" src=\"https:\/\/www.sar-el.org\/wp-content\/uploads\/2025\/07\/afse-e1753775727660-1024x1011.jpg\" class=\"attachment-large size-large wp-image-11883\" alt=\"\" srcset=\"https:\/\/www.sar-el.org\/wp-content\/uploads\/2025\/07\/afse-e1753775727660-1024x1011.jpg 1024w, https:\/\/www.sar-el.org\/wp-content\/uploads\/2025\/07\/afse-e1753775727660-300x296.jpg 300w, https:\/\/www.sar-el.org\/wp-content\/uploads\/2025\/07\/afse-e1753775727660-768x759.jpg 768w, https:\/\/www.sar-el.org\/wp-content\/uploads\/2025\/07\/afse-e1753775727660.jpg 1297w\" sizes=\"auto, (max-width: 1024px) 100vw, 1024px\" \/>\t\t\t\t\t\t\t\t\t\t\t\t\t\t<\/div>\n\t\t\t\t\t\t<\/div>\n\t\t\t\t<\/div>\n\t\t\t\t\t\t<\/div>\n\t\t\t\t\t<\/div>\n\t\t<\/div>\n\t\t\t\t<div class=\"elementor-column elementor-col-50 elementor-inner-column elementor-element elementor-element-fe713d3\" data-id=\"fe713d3\" data-element_type=\"column\">\n\t\t\t<div class=\"elementor-column-wrap elementor-element-populated\">\n\t\t\t\t\t\t\t<div class=\"elementor-widget-wrap\">\n\t\t\t\t\t\t<div class=\"elementor-element elementor-element-de0e49d elementor-widget elementor-widget-text-editor\" data-id=\"de0e49d\" data-element_type=\"widget\" data-widget_type=\"text-editor.default\">\n\t\t\t\t<div class=\"elementor-widget-container\">\n\t\t\t\t\t\t\t\t<div class=\"elementor-text-editor elementor-clearfix\">\n\t\t\t\t<p>Posible gracias al generoso apoyo de American Friends of Sar-El.<\/p>\t\t\t\t\t<\/div>\n\t\t\t\t\t\t<\/div>\n\t\t\t\t<\/div>\n\t\t\t\t\t\t<\/div>\n\t\t\t\t\t<\/div>\n\t\t<\/div>\n\t\t\t\t\t\t\t\t<\/div>\n\t\t\t\t\t<\/div>\n\t\t<\/section>\n\t\t\t\t<div class=\"elementor-element elementor-element-049892a elementor-align-center elementor-widget elementor-widget-button\" data-id=\"049892a\" data-element_type=\"widget\" data-widget_type=\"button.default\">\n\t\t\t\t<div class=\"elementor-widget-container\">\n\t\t\t\t\t<div class=\"elementor-button-wrapper\">\n\t\t\t<a href=\"https:\/\/www.sar-el.org\/es\/registration\/\" target=\"_blank\" class=\"elementor-button-link elementor-button elementor-size-sm\" role=\"button\">\n\t\t\t\t\t\t<span class=\"elementor-button-content-wrapper\">\n\t\t\t\t\t\t<span class=\"elementor-button-text\">Reg\u00edstrate ahora<\/span>\n\t\t<\/span>\n\t\t\t\t\t<\/a>\n\t\t<\/div>\n\t\t\t\t<\/div>\n\t\t\t\t<\/div>\n\t\t\t\t\t\t<\/div>\n\t\t\t\t\t<\/div>\n\t\t<\/div>\n\t\t\t\t<div class=\"elementor-column elementor-col-33 elementor-top-column elementor-element elementor-element-78f7de7\" data-id=\"78f7de7\" data-element_type=\"column\">\n\t\t\t<div class=\"elementor-column-wrap\">\n\t\t\t\t\t\t\t<div class=\"elementor-widget-wrap\">\n\t\t\t\t\t\t\t\t<\/div>\n\t\t\t\t\t<\/div>\n\t\t<\/div>\n\t\t\t\t<div class=\"elementor-column elementor-col-33 elementor-top-column elementor-element elementor-element-5688028\" data-id=\"5688028\" data-element_type=\"column\">\n\t\t\t<div class=\"elementor-column-wrap elementor-element-populated\">\n\t\t\t\t\t\t\t<div class=\"elementor-widget-wrap\">\n\t\t\t\t\t\t<div class=\"elementor-element elementor-element-a08193a elementor-widget elementor-widget-image\" data-id=\"a08193a\" data-element_type=\"widget\" data-widget_type=\"image.default\">\n\t\t\t\t<div class=\"elementor-widget-container\">\n\t\t\t\t\t\t\t\t<div class=\"elementor-image\">\n\t\t\t\t\t\t\t\t\t\t\t\t<img loading=\"lazy\" decoding=\"async\" width=\"1024\" height=\"1024\" src=\"https:\/\/www.sar-el.org\/wp-content\/uploads\/2024\/02\/mada-24-1024x1024.jpg\" class=\"attachment-large size-large wp-image-11917\" alt=\"\" srcset=\"https:\/\/www.sar-el.org\/wp-content\/uploads\/2024\/02\/mada-24-1024x1024.jpg 1024w, https:\/\/www.sar-el.org\/wp-content\/uploads\/2024\/02\/mada-24-300x300.jpg 300w, https:\/\/www.sar-el.org\/wp-content\/uploads\/2024\/02\/mada-24-150x150.jpg 150w, https:\/\/www.sar-el.org\/wp-content\/uploads\/2024\/02\/mada-24-768x768.jpg 768w, https:\/\/www.sar-el.org\/wp-content\/uploads\/2024\/02\/mada-24.jpg 1080w\" sizes=\"auto, (max-width: 1024px) 100vw, 1024px\" \/>\t\t\t\t\t\t\t\t\t\t\t\t\t\t<\/div>\n\t\t\t\t\t\t<\/div>\n\t\t\t\t<\/div>\n\t\t\t\t\t\t<\/div>\n\t\t\t\t\t<\/div>\n\t\t<\/div>\n\t\t\t\t\t\t\t\t<\/div>\n\t\t\t\t\t<\/div>\n\t\t<\/section>\n\t\t\t\t\t\t\t\t\t<\/div>\n\t\t\t<\/div>\n\t\t\t\t\t<\/div>\n\t\t","protected":false},"excerpt":{"rendered":"<p>En Sar-El, estamos encantados con nuestra innovadora colaboraci\u00f3n con\u00a0Magen David Adom (MDA)\u00a0para ofrecerles el\u00a0Programa Intensivo de Primeros Auxilios \u00abNe&#8217;eman Chaim\u201d. Esta oportunidad transformadora combina un voluntariado significativo en una base de las Fuerzas de Defensa de Israel (FDI) con capacitaci\u00f3n en primeros auxilios que salva vidas, brind\u00e1ndoles las habilidades y los conocimientos necesarios para marcar &hellip;<\/p>\n<p class=\"read-more\"> <a class=\"\" href=\"https:\/\/www.sar-el.org\/es\/magen-david-adom\/\"> <span class=\"screen-reader-text\">Magen David Adom (MDA)<\/span> Leer m\u00e1s \u00bb<\/a><\/p>\n","protected":false},"author":2,"featured_media":0,"parent":0,"menu_order":0,"comment_status":"closed","ping_status":"closed","template":"","meta":{"footnotes":""},"class_list":["post-11923","page","type-page","status-publish","hentry"],"yoast_head":"<!-- This site is optimized with the Yoast SEO plugin v15.9 - https:\/\/yoast.com\/wordpress\/plugins\/seo\/ -->\n<title>Magen David Adom (MDA) - SAR-EL - Volunteers for Israel<\/title>\n<meta name=\"robots\" content=\"index, follow, max-snippet:-1, max-image-preview:large, max-video-preview:-1\" \/>\n<link rel=\"canonical\" href=\"https:\/\/www.sar-el.org\/es\/magen-david-adom\/\" \/>\n<meta property=\"og:locale\" content=\"es_ES\" \/>\n<meta property=\"og:type\" content=\"article\" \/>\n<meta property=\"og:title\" content=\"Magen David Adom (MDA) - SAR-EL - Volunteers for Israel\" \/>\n<meta property=\"og:description\" content=\"En Sar-El, estamos encantados con nuestra innovadora colaboraci\u00f3n con\u00a0Magen David Adom (MDA)\u00a0para ofrecerles el\u00a0Programa Intensivo de Primeros Auxilios \u00abNe&#8217;eman Chaim\u201d. Esta oportunidad transformadora combina un voluntariado significativo en una base de las Fuerzas de Defensa de Israel (FDI) con capacitaci\u00f3n en primeros auxilios que salva vidas, brind\u00e1ndoles las habilidades y los conocimientos necesarios para marcar &hellip; Magen David Adom (MDA) Leer m\u00e1s \u00bb\" \/>\n<meta property=\"og:url\" content=\"https:\/\/www.sar-el.org\/es\/magen-david-adom\/\" \/>\n<meta property=\"og:site_name\" content=\"SAR-EL - Volunteers for Israel\" \/>\n<meta property=\"article:modified_time\" content=\"2026-01-15T07:50:09+00:00\" \/>\n<meta property=\"og:image\" content=\"https:\/\/www.sar-el.org\/wp-content\/uploads\/2025\/07\/afse-e1753775727660-1024x1011.jpg\" \/>\n<meta name=\"twitter:card\" content=\"summary_large_image\" \/>\n<meta name=\"twitter:label1\" content=\"Tiempo de lectura\">\n\t<meta name=\"twitter:data1\" content=\"3 minutos\">\n<script type=\"application\/ld+json\" class=\"yoast-schema-graph\">{\"@context\":\"https:\/\/schema.org\",\"@graph\":[{\"@type\":\"WebSite\",\"@id\":\"https:\/\/www.sar-el.org\/es\/#website\",\"url\":\"https:\/\/www.sar-el.org\/es\/\",\"name\":\"SAR-EL - Volunteers for Israel\",\"description\":\"The National Project for Volunteers for Israel\",\"potentialAction\":[{\"@type\":\"SearchAction\",\"target\":\"https:\/\/www.sar-el.org\/es\/?s={search_term_string}\",\"query-input\":\"required name=search_term_string\"}],\"inLanguage\":\"es\"},{\"@type\":\"ImageObject\",\"@id\":\"https:\/\/www.sar-el.org\/es\/magen-david-adom\/#primaryimage\",\"inLanguage\":\"es\",\"url\":\"https:\/\/www.sar-el.org\/wp-content\/uploads\/2025\/07\/afse-e1753775727660.jpg\",\"width\":1297,\"height\":1281},{\"@type\":\"WebPage\",\"@id\":\"https:\/\/www.sar-el.org\/es\/magen-david-adom\/#webpage\",\"url\":\"https:\/\/www.sar-el.org\/es\/magen-david-adom\/\",\"name\":\"Magen David Adom (MDA) - SAR-EL - Volunteers for Israel\",\"isPartOf\":{\"@id\":\"https:\/\/www.sar-el.org\/es\/#website\"},\"primaryImageOfPage\":{\"@id\":\"https:\/\/www.sar-el.org\/es\/magen-david-adom\/#primaryimage\"},\"datePublished\":\"2024-12-05T14:19:29+00:00\",\"dateModified\":\"2026-01-15T07:50:09+00:00\",\"breadcrumb\":{\"@id\":\"https:\/\/www.sar-el.org\/es\/magen-david-adom\/#breadcrumb\"},\"inLanguage\":\"es\",\"potentialAction\":[{\"@type\":\"ReadAction\",\"target\":[\"https:\/\/www.sar-el.org\/es\/magen-david-adom\/\"]}]},{\"@type\":\"BreadcrumbList\",\"@id\":\"https:\/\/www.sar-el.org\/es\/magen-david-adom\/#breadcrumb\",\"itemListElement\":[{\"@type\":\"ListItem\",\"position\":1,\"item\":{\"@type\":\"WebPage\",\"@id\":\"https:\/\/www.sar-el.org\/es\/\",\"url\":\"https:\/\/www.sar-el.org\/es\/\",\"name\":\"Home\"}},{\"@type\":\"ListItem\",\"position\":2,\"item\":{\"@type\":\"WebPage\",\"@id\":\"https:\/\/www.sar-el.org\/es\/magen-david-adom\/\",\"url\":\"https:\/\/www.sar-el.org\/es\/magen-david-adom\/\",\"name\":\"Magen David Adom (MDA)\"}}]}]}<\/script>\n<!-- \/ Yoast SEO plugin. -->","_links":{"self":[{"href":"https:\/\/www.sar-el.org\/es\/wp-json\/wp\/v2\/pages\/11923","targetHints":{"allow":["GET"]}}],"collection":[{"href":"https:\/\/www.sar-el.org\/es\/wp-json\/wp\/v2\/pages"}],"about":[{"href":"https:\/\/www.sar-el.org\/es\/wp-json\/wp\/v2\/types\/page"}],"author":[{"embeddable":true,"href":"https:\/\/www.sar-el.org\/es\/wp-json\/wp\/v2\/users\/2"}],"replies":[{"embeddable":true,"href":"https:\/\/www.sar-el.org\/es\/wp-json\/wp\/v2\/comments?post=11923"}],"version-history":[{"count":10,"href":"https:\/\/www.sar-el.org\/es\/wp-json\/wp\/v2\/pages\/11923\/revisions"}],"predecessor-version":[{"id":14437,"href":"https:\/\/www.sar-el.org\/es\/wp-json\/wp\/v2\/pages\/11923\/revisions\/14437"}],"wp:attachment":[{"href":"https:\/\/www.sar-el.org\/es\/wp-json\/wp\/v2\/media?parent=11923"}],"curies":[{"name":"wp","href":"https:\/\/api.w.org\/{rel}","templated":true}]}}