{"id":12217,"date":"2019-03-24T12:32:19","date_gmt":"2019-03-24T10:32:19","guid":{"rendered":"https:\/\/www.sar-el.org\/our-goals-and-values\/"},"modified":"2025-09-20T09:00:49","modified_gmt":"2025-09-20T06:00:49","slug":"our-goals-and-values","status":"publish","type":"page","link":"https:\/\/www.sar-el.org\/es\/our-goals-and-values\/","title":{"rendered":"Nuestros Objetivos y Valores"},"content":{"rendered":"\t\t<div data-elementor-type=\"wp-post\" data-elementor-id=\"12217\" class=\"elementor elementor-12217 elementor-246\">\n\t\t\t\t\t\t<div class=\"elementor-inner\">\n\t\t\t\t<div class=\"elementor-section-wrap\">\n\t\t\t\t\t\t\t\t\t<section class=\"elementor-section elementor-top-section elementor-element elementor-element-6e27312 elementor-section-stretched elementor-section-full_width elementor-section-height-min-height elementor-section-height-default elementor-section-items-middle\" data-id=\"6e27312\" data-element_type=\"section\" data-settings=\"{&quot;stretch_section&quot;:&quot;section-stretched&quot;,&quot;background_background&quot;:&quot;classic&quot;}\">\n\t\t\t\t\t\t\t<div class=\"elementor-background-overlay\"><\/div>\n\t\t\t\t\t\t\t<div class=\"elementor-container elementor-column-gap-no\">\n\t\t\t\t\t\t\t<div class=\"elementor-row\">\n\t\t\t\t\t<div class=\"elementor-column elementor-col-100 elementor-top-column elementor-element elementor-element-c3ab475\" data-id=\"c3ab475\" data-element_type=\"column\">\n\t\t\t<div class=\"elementor-column-wrap elementor-element-populated\">\n\t\t\t\t\t\t\t<div class=\"elementor-widget-wrap\">\n\t\t\t\t\t\t\t\t<\/div>\n\t\t\t\t\t<\/div>\n\t\t<\/div>\n\t\t\t\t\t\t\t\t<\/div>\n\t\t\t\t\t<\/div>\n\t\t<\/section>\n\t\t\t\t<section class=\"elementor-section elementor-top-section elementor-element elementor-element-d385d8d elementor-section-full_width elementor-section-height-default elementor-section-height-default\" data-id=\"d385d8d\" data-element_type=\"section\">\n\t\t\t\t\t\t<div class=\"elementor-container elementor-column-gap-no\">\n\t\t\t\t\t\t\t<div class=\"elementor-row\">\n\t\t\t\t\t<div class=\"elementor-column elementor-col-33 elementor-top-column elementor-element elementor-element-40b4ebb\" data-id=\"40b4ebb\" data-element_type=\"column\">\n\t\t\t<div class=\"elementor-column-wrap elementor-element-populated\">\n\t\t\t\t\t\t\t<div class=\"elementor-widget-wrap\">\n\t\t\t\t\t\t<div class=\"elementor-element elementor-element-6134000 elementor-nav-menu--stretch elementor-nav-menu__align-left sidemenu elementor-hidden-tablet elementor-hidden-phone elementor-nav-menu--dropdown-tablet elementor-nav-menu__text-align-aside elementor-widget elementor-widget-nav-menu\" data-id=\"6134000\" data-element_type=\"widget\" data-settings=\"{&quot;layout&quot;:&quot;vertical&quot;,&quot;full_width&quot;:&quot;stretch&quot;,&quot;submenu_icon&quot;:{&quot;value&quot;:&quot;&lt;i class=\\&quot;fas fa-caret-down\\&quot;&gt;&lt;\\\/i&gt;&quot;,&quot;library&quot;:&quot;fa-solid&quot;}}\" data-widget_type=\"nav-menu.default\">\n\t\t\t\t<div class=\"elementor-widget-container\">\n\t\t\t\t\t\t<nav class=\"elementor-nav-menu--main elementor-nav-menu__container elementor-nav-menu--layout-vertical e--pointer-text e--animation-skew\">\n\t\t\t\t<ul id=\"menu-1-6134000\" class=\"elementor-nav-menu sm-vertical\"><li class=\"menu-item menu-item-type-post_type menu-item-object-page menu-item-13217\"><a href=\"https:\/\/www.sar-el.org\/es\/our-history\/\" class=\"elementor-item menu-link\">Nuestra Historia<\/a><\/li>\n<li class=\"menu-item menu-item-type-post_type menu-item-object-page menu-item-13222\"><a href=\"https:\/\/www.sar-el.org\/es\/our-goals-and-values\/\" class=\"elementor-item menu-link\">Nuestros Objetivos y Valores<\/a><\/li>\n<li class=\"menu-item menu-item-type-post_type menu-item-object-page menu-item-13223\"><a href=\"https:\/\/www.sar-el.org\/es\/our-volunteers\/\" class=\"elementor-item menu-link\">Nuestros voluntarios<\/a><\/li>\n<li class=\"menu-item menu-item-type-post_type menu-item-object-page menu-item-13224\"><a href=\"https:\/\/www.sar-el.org\/es\/our-partners\/\" class=\"elementor-item menu-link\">Nuestros socios<\/a><\/li>\n<li class=\"menu-item menu-item-type-post_type menu-item-object-page menu-item-13225\"><a href=\"https:\/\/www.sar-el.org\/es\/media-publications\/\" class=\"elementor-item menu-link\">Publicaciones de medios<\/a><\/li>\n<\/ul>\t\t\t<\/nav>\n\t\t\t\t\t\t<nav class=\"elementor-nav-menu--dropdown elementor-nav-menu__container\" aria-hidden=\"true\">\n\t\t\t\t<ul id=\"menu-2-6134000\" class=\"elementor-nav-menu sm-vertical\"><li class=\"menu-item menu-item-type-post_type menu-item-object-page menu-item-13217\"><a href=\"https:\/\/www.sar-el.org\/es\/our-history\/\" class=\"elementor-item menu-link\" tabindex=\"-1\">Nuestra Historia<\/a><\/li>\n<li class=\"menu-item menu-item-type-post_type menu-item-object-page menu-item-13222\"><a href=\"https:\/\/www.sar-el.org\/es\/our-goals-and-values\/\" class=\"elementor-item menu-link\" tabindex=\"-1\">Nuestros Objetivos y Valores<\/a><\/li>\n<li class=\"menu-item menu-item-type-post_type menu-item-object-page menu-item-13223\"><a href=\"https:\/\/www.sar-el.org\/es\/our-volunteers\/\" class=\"elementor-item menu-link\" tabindex=\"-1\">Nuestros voluntarios<\/a><\/li>\n<li class=\"menu-item menu-item-type-post_type menu-item-object-page menu-item-13224\"><a href=\"https:\/\/www.sar-el.org\/es\/our-partners\/\" class=\"elementor-item menu-link\" tabindex=\"-1\">Nuestros socios<\/a><\/li>\n<li class=\"menu-item menu-item-type-post_type menu-item-object-page menu-item-13225\"><a href=\"https:\/\/www.sar-el.org\/es\/media-publications\/\" class=\"elementor-item menu-link\" tabindex=\"-1\">Publicaciones de medios<\/a><\/li>\n<\/ul>\t\t\t<\/nav>\n\t\t\t\t<\/div>\n\t\t\t\t<\/div>\n\t\t\t\t\t\t<\/div>\n\t\t\t\t\t<\/div>\n\t\t<\/div>\n\t\t\t\t<div class=\"elementor-column elementor-col-66 elementor-top-column elementor-element elementor-element-ffad1dc\" data-id=\"ffad1dc\" data-element_type=\"column\">\n\t\t\t<div class=\"elementor-column-wrap elementor-element-populated\">\n\t\t\t\t\t\t\t<div class=\"elementor-widget-wrap\">\n\t\t\t\t\t\t<div class=\"elementor-element elementor-element-23cf5c4 elementor-widget elementor-widget-text-editor\" data-id=\"23cf5c4\" data-element_type=\"widget\" data-widget_type=\"text-editor.default\">\n\t\t\t\t<div class=\"elementor-widget-container\">\n\t\t\t\t\t\t\t\t<div class=\"elementor-text-editor elementor-clearfix\">\n\t\t\t\t<ul><li><ul><li>Crear oportunidades significativas para que los jud\u00edos de la di\u00e1spora y los amigos de Israel contribuyan al pa\u00eds, fomentando conexiones profundas con el pueblo jud\u00edo y nuestra patria.<\/li><li>Inspirar y cultivar una nueva generaci\u00f3n de voluntarios, al tiempo que fortalecemos la identidad jud\u00eda y los lazos con Israel entre los adolescentes y j\u00f3venes adultos de la di\u00e1spora que se unen al programa.<\/li><li>Proporcionar apoyo log\u00edstico de alta calidad a las Fuerzas de Defensa de Israel, impulsado por la dedicaci\u00f3n y motivaci\u00f3n de nuestros voluntarios de todo el mundo.<\/li><li>Alentar a los participantes a liderar, promover y participar en iniciativas que apoyen al Estado de Israel, tanto en el pa\u00eds como en el extranjero.<\/li><\/ul><p>Sar-El est\u00e1 profundamente comprometido con el apoyo a las Fuerzas de Defensa de Israel (FDI) y sus voluntarios no son solo simpatizantes; est\u00e1n al frente de nuestros esfuerzos, trabajando codo con codo con los soldados en las bases de las FDI. Esta colaboraci\u00f3n crea una experiencia de voluntariado \u00fanica e inigualable, donde cada persona tiene la oportunidad de generar un impacto tangible.<\/p><p>Voluntarios de todo el mundo se unen, unidos por un prop\u00f3sito com\u00fan: salvaguardar a Israel y garantizar la seguridad del pueblo jud\u00edo. Esta misi\u00f3n trasciende fronteras, reuniendo a personas de diversos or\u00edgenes que comparten un objetivo com\u00fan. A trav\u00e9s de su trabajo, los voluntarios de Sar-El contribuyen activamente al cumplimiento de esta misi\u00f3n, desempe\u00f1ando un papel crucial en la defensa y el bienestar de Israel.<\/p><p>Los lazos que se forjan a trav\u00e9s de Sar-El se forjan con un prop\u00f3sito y un compromiso compartidos, creando un sentido de camarader\u00eda profundo y duradero. Los voluntarios no solo dedican su tiempo y esfuerzo, sino que tambi\u00e9n desarrollan un profundo sentido de pertenencia y conexi\u00f3n con Israel y su gente. Esta experiencia no se trata solo de servicio; se trata de forjar relaciones, comprensi\u00f3n y un compromiso de por vida con los valores que representa Sar-El. Gracias a su dedicaci\u00f3n, los voluntarios forman parte de algo mucho m\u00e1s grande que ellos mismos: una comunidad global unida por un profundo y significativo sentido de prop\u00f3sito.<\/p><p>\u00a0<\/p><\/li><\/ul>\t\t\t\t\t<\/div>\n\t\t\t\t\t\t<\/div>\n\t\t\t\t<\/div>\n\t\t\t\t\t\t<\/div>\n\t\t\t\t\t<\/div>\n\t\t<\/div>\n\t\t\t\t\t\t\t\t<\/div>\n\t\t\t\t\t<\/div>\n\t\t<\/section>\n\t\t\t\t\t\t\t\t\t<\/div>\n\t\t\t<\/div>\n\t\t\t\t\t<\/div>\n\t\t","protected":false},"excerpt":{"rendered":"<p>Crear oportunidades significativas para que los jud\u00edos de la di\u00e1spora y los amigos de Israel contribuyan al pa\u00eds, fomentando conexiones profundas con el pueblo jud\u00edo y nuestra patria. Inspirar y cultivar una nueva generaci\u00f3n de voluntarios, al tiempo que fortalecemos la identidad jud\u00eda y los lazos con Israel entre los adolescentes y j\u00f3venes adultos de &hellip;<\/p>\n<p class=\"read-more\"> <a class=\"\" href=\"https:\/\/www.sar-el.org\/es\/our-goals-and-values\/\"> <span class=\"screen-reader-text\">Nuestros Objetivos y Valores<\/span> Leer m\u00e1s \u00bb<\/a><\/p>\n","protected":false},"author":1,"featured_media":0,"parent":0,"menu_order":0,"comment_status":"closed","ping_status":"closed","template":"","meta":{"footnotes":""},"class_list":["post-12217","page","type-page","status-publish","hentry"],"yoast_head":"<!-- This site is optimized with the Yoast SEO plugin v15.9 - https:\/\/yoast.com\/wordpress\/plugins\/seo\/ -->\n<title>Nuestros Objetivos y Valores - SAR-EL - Volunteers for Israel<\/title>\n<meta name=\"description\" content=\"Goals of Sar-El: The goals of SAR-EL outlined below are our guiding organizational principles\" \/>\n<meta name=\"robots\" content=\"index, follow, max-snippet:-1, max-image-preview:large, max-video-preview:-1\" \/>\n<link rel=\"canonical\" href=\"https:\/\/www.sar-el.org\/es\/our-goals-and-values\/\" \/>\n<meta property=\"og:locale\" content=\"es_ES\" \/>\n<meta property=\"og:type\" content=\"article\" \/>\n<meta property=\"og:title\" content=\"Nuestros Objetivos y Valores - SAR-EL - Volunteers for Israel\" \/>\n<meta property=\"og:description\" content=\"Goals of Sar-El: The goals of SAR-EL outlined below are our guiding organizational principles\" \/>\n<meta property=\"og:url\" content=\"https:\/\/www.sar-el.org\/es\/our-goals-and-values\/\" \/>\n<meta property=\"og:site_name\" content=\"SAR-EL - Volunteers for Israel\" \/>\n<meta property=\"article:modified_time\" content=\"2025-09-20T06:00:49+00:00\" \/>\n<meta name=\"twitter:card\" content=\"summary_large_image\" \/>\n<meta name=\"twitter:label1\" content=\"Tiempo de lectura\">\n\t<meta name=\"twitter:data1\" content=\"2 minutos\">\n<script type=\"application\/ld+json\" class=\"yoast-schema-graph\">{\"@context\":\"https:\/\/schema.org\",\"@graph\":[{\"@type\":\"WebSite\",\"@id\":\"https:\/\/www.sar-el.org\/es\/#website\",\"url\":\"https:\/\/www.sar-el.org\/es\/\",\"name\":\"SAR-EL - Volunteers for Israel\",\"description\":\"The National Project for Volunteers for Israel\",\"potentialAction\":[{\"@type\":\"SearchAction\",\"target\":\"https:\/\/www.sar-el.org\/es\/?s={search_term_string}\",\"query-input\":\"required name=search_term_string\"}],\"inLanguage\":\"es\"},{\"@type\":\"WebPage\",\"@id\":\"https:\/\/www.sar-el.org\/es\/our-goals-and-values\/#webpage\",\"url\":\"https:\/\/www.sar-el.org\/es\/our-goals-and-values\/\",\"name\":\"Nuestros Objetivos y Valores - SAR-EL - Volunteers for Israel\",\"isPartOf\":{\"@id\":\"https:\/\/www.sar-el.org\/es\/#website\"},\"datePublished\":\"2019-03-24T10:32:19+00:00\",\"dateModified\":\"2025-09-20T06:00:49+00:00\",\"description\":\"Goals of Sar-El: The goals of SAR-EL outlined below are our guiding organizational principles\",\"breadcrumb\":{\"@id\":\"https:\/\/www.sar-el.org\/es\/our-goals-and-values\/#breadcrumb\"},\"inLanguage\":\"es\",\"potentialAction\":[{\"@type\":\"ReadAction\",\"target\":[\"https:\/\/www.sar-el.org\/es\/our-goals-and-values\/\"]}]},{\"@type\":\"BreadcrumbList\",\"@id\":\"https:\/\/www.sar-el.org\/es\/our-goals-and-values\/#breadcrumb\",\"itemListElement\":[{\"@type\":\"ListItem\",\"position\":1,\"item\":{\"@type\":\"WebPage\",\"@id\":\"https:\/\/www.sar-el.org\/es\/\",\"url\":\"https:\/\/www.sar-el.org\/es\/\",\"name\":\"Home\"}},{\"@type\":\"ListItem\",\"position\":2,\"item\":{\"@type\":\"WebPage\",\"@id\":\"https:\/\/www.sar-el.org\/es\/our-goals-and-values\/\",\"url\":\"https:\/\/www.sar-el.org\/es\/our-goals-and-values\/\",\"name\":\"Nuestros Objetivos y Valores\"}}]}]}<\/script>\n<!-- \/ Yoast SEO plugin. -->","_links":{"self":[{"href":"https:\/\/www.sar-el.org\/es\/wp-json\/wp\/v2\/pages\/12217","targetHints":{"allow":["GET"]}}],"collection":[{"href":"https:\/\/www.sar-el.org\/es\/wp-json\/wp\/v2\/pages"}],"about":[{"href":"https:\/\/www.sar-el.org\/es\/wp-json\/wp\/v2\/types\/page"}],"author":[{"embeddable":true,"href":"https:\/\/www.sar-el.org\/es\/wp-json\/wp\/v2\/users\/1"}],"replies":[{"embeddable":true,"href":"https:\/\/www.sar-el.org\/es\/wp-json\/wp\/v2\/comments?post=12217"}],"version-history":[{"count":4,"href":"https:\/\/www.sar-el.org\/es\/wp-json\/wp\/v2\/pages\/12217\/revisions"}],"predecessor-version":[{"id":12222,"href":"https:\/\/www.sar-el.org\/es\/wp-json\/wp\/v2\/pages\/12217\/revisions\/12222"}],"wp:attachment":[{"href":"https:\/\/www.sar-el.org\/es\/wp-json\/wp\/v2\/media?parent=12217"}],"curies":[{"name":"wp","href":"https:\/\/api.w.org\/{rel}","templated":true}]}}