{"id":12675,"date":"2024-12-05T16:19:29","date_gmt":"2024-12-05T14:19:29","guid":{"rendered":"https:\/\/www.sar-el.org\/magen-david-adom\/"},"modified":"2026-01-15T09:48:37","modified_gmt":"2026-01-15T07:48:37","slug":"magen-david-adom","status":"publish","type":"page","link":"https:\/\/www.sar-el.org\/fr\/magen-david-adom\/","title":{"rendered":"Magen David Adom  (MDA)"},"content":{"rendered":"\t\t<div data-elementor-type=\"wp-post\" data-elementor-id=\"12675\" class=\"elementor elementor-12675 elementor-9851\">\n\t\t\t\t\t\t<div class=\"elementor-inner\">\n\t\t\t\t<div class=\"elementor-section-wrap\">\n\t\t\t\t\t\t\t\t\t<section class=\"elementor-section elementor-top-section elementor-element elementor-element-0b84203 elementor-section-stretched elementor-section-full_width elementor-section-height-min-height elementor-section-height-default elementor-section-items-middle\" data-id=\"0b84203\" data-element_type=\"section\" data-settings=\"{&quot;stretch_section&quot;:&quot;section-stretched&quot;,&quot;background_background&quot;:&quot;classic&quot;}\">\n\t\t\t\t\t\t\t<div class=\"elementor-background-overlay\"><\/div>\n\t\t\t\t\t\t\t<div class=\"elementor-container elementor-column-gap-no\">\n\t\t\t\t\t\t\t<div class=\"elementor-row\">\n\t\t\t\t\t<div class=\"elementor-column elementor-col-100 elementor-top-column elementor-element elementor-element-3a1c6ea\" data-id=\"3a1c6ea\" data-element_type=\"column\">\n\t\t\t<div class=\"elementor-column-wrap elementor-element-populated\">\n\t\t\t\t\t\t\t<div class=\"elementor-widget-wrap\">\n\t\t\t\t\t\t\t\t<\/div>\n\t\t\t\t\t<\/div>\n\t\t<\/div>\n\t\t\t\t\t\t\t\t<\/div>\n\t\t\t\t\t<\/div>\n\t\t<\/section>\n\t\t\t\t<section class=\"elementor-section elementor-top-section elementor-element elementor-element-9a0b5c6 elementor-section-boxed elementor-section-height-default elementor-section-height-default\" data-id=\"9a0b5c6\" data-element_type=\"section\">\n\t\t\t\t\t\t<div class=\"elementor-container elementor-column-gap-no\">\n\t\t\t\t\t\t\t<div class=\"elementor-row\">\n\t\t\t\t\t<div class=\"elementor-column elementor-col-33 elementor-top-column elementor-element elementor-element-5214684\" data-id=\"5214684\" data-element_type=\"column\">\n\t\t\t<div class=\"elementor-column-wrap elementor-element-populated\">\n\t\t\t\t\t\t\t<div class=\"elementor-widget-wrap\">\n\t\t\t\t\t\t<div class=\"elementor-element elementor-element-3653fba elementor-widget elementor-widget-text-editor\" data-id=\"3653fba\" data-element_type=\"widget\" data-widget_type=\"text-editor.default\">\n\t\t\t\t<div class=\"elementor-widget-container\">\n\t\t\t\t\t\t\t\t<div class=\"elementor-text-editor elementor-clearfix\">\n\t\t\t\t<p>Sar-El est fier d\u2019annoncer son partenariat avec le <strong>Magen David Adom (MDA)<\/strong>, le service national d\u2019urgence d\u2019Isra\u00ebl, pour proposer le programme intensif de premiers secours <strong>\u00ab Ne\u2019eman Chaim \u00bb.<\/strong><\/p><p>Ce programme combine un volontariat logistique et significatif sur une base de Tsahal avec une formation essentielle en premiers secours, qui vous apportera les comp\u00e9tences et les connaissances n\u00e9cessaires pour faire la diff\u00e9rence au sein de votre communaut\u00e9 et au-del\u00e0.<\/p><p><strong>Les atouts du programme<\/strong><\/p><p>Dans le cadre de votre mission de <strong>deux semaines<\/strong> avec Sar-El, vous participerez \u00e0 <strong>20 heures de formation pratique d\u2019aide aux premiers secours<\/strong> encadr\u00e9e par des professionnels de MDA. Ce programme inclut :<\/p><ul><li><strong>Deux sessions en base :<\/strong><br \/>Les formateurs de MDA viendront \u00e0 votre rencontre pour des ateliers pratiques, centr\u00e9s sur des <strong>situations d\u2019urgence r\u00e9elles<\/strong>.<\/li><li><strong>Deux visites au si\u00e8ge du MDA :<\/strong><br \/>Plong\u00e9e dans le <strong>c\u0153ur du syst\u00e8me de secours isra\u00e9lien<\/strong>. Vous rencontrerez des experts, entendrez des t\u00e9moignages et participerez \u00e0 des <strong>exercices de formation collaboratifs<\/strong>.<\/li><li><strong>Un emploi du temps adapt\u00e9 :<\/strong><br \/>La formation est r\u00e9partie sur <strong>deux apr\u00e8s-midis par semaine<\/strong> et une <strong>session prolong\u00e9e les jeudis<\/strong>, sans perturber votre programme de volontariat.<\/li><\/ul><p><strong>Pourquoi s\u2019inscrire?<\/strong><\/p><p>Ce programme va <strong>bien au-del\u00e0 d\u2019une simple formation<\/strong>.<br \/>C\u2019est une <strong>exp\u00e9rience de responsabilisation<\/strong>, de <strong>pr\u00e9paration \u00e0 l\u2019urgence<\/strong>, et de <strong>connexion humaine profonde<\/strong>.\u00a0 Vous acquerrez la confiance n\u00e9cessaire pour r\u00e9agir efficacement en situation d\u2019urgence, tout en renfor\u00e7ant votre lien avec le peuple et la culture d\u2019Isra\u00ebl. De plus, \u00e0 la fin du programme, vous recevrez un certificat d\u2019ach\u00e8vement pour marquer votre participation.<\/p><p><strong>Frais additionnels<\/strong><\/p><p>Une contribution de <strong>350 $<\/strong> en plus de la participation SAR EL est demand\u00e9e pour couvrir cette formation de haute qualit\u00e9.<\/p><p><strong>Dates des programmes en 2026 :<\/strong><\/p><ul><li><strong>3 \u2013 14 mai<\/strong><\/li><li><strong>4 \u2013 15 octrobre<\/strong><\/li><\/ul><p>Les places sont <strong>limit\u00e9es<\/strong> pour ce programme exceptionnel.<br \/>Ne manquez pas cette opportunit\u00e9 de vous <strong>former \u00e0 sauver des vies<\/strong>, de <strong>servir Isra\u00ebl<\/strong> de fa\u00e7on concr\u00e8te, et de vivre une exp\u00e9rience humaine inoubliable.<\/p><p>Ensemble, <strong>Sar-El et Magen David Adom<\/strong> forment les volontaires de demain : <strong>engag\u00e9s, form\u00e9s et solidaires<\/strong>. <strong>Rejoignez-nous<\/strong> dans cette initiative inspirante !<\/p>\t\t\t\t\t<\/div>\n\t\t\t\t\t\t<\/div>\n\t\t\t\t<\/div>\n\t\t\t\t<section class=\"elementor-section elementor-inner-section elementor-element elementor-element-c177241 elementor-section-boxed elementor-section-height-default elementor-section-height-default\" data-id=\"c177241\" data-element_type=\"section\">\n\t\t\t\t\t\t<div class=\"elementor-container elementor-column-gap-default\">\n\t\t\t\t\t\t\t<div class=\"elementor-row\">\n\t\t\t\t\t<div class=\"elementor-column elementor-col-50 elementor-inner-column elementor-element elementor-element-dd7f28c\" data-id=\"dd7f28c\" data-element_type=\"column\">\n\t\t\t<div class=\"elementor-column-wrap elementor-element-populated\">\n\t\t\t\t\t\t\t<div class=\"elementor-widget-wrap\">\n\t\t\t\t\t\t<div class=\"elementor-element elementor-element-ca2397a elementor-widget elementor-widget-image\" data-id=\"ca2397a\" data-element_type=\"widget\" data-widget_type=\"image.default\">\n\t\t\t\t<div class=\"elementor-widget-container\">\n\t\t\t\t\t\t\t\t<div class=\"elementor-image\">\n\t\t\t\t\t\t\t\t\t\t\t\t<img loading=\"lazy\" decoding=\"async\" width=\"1024\" height=\"1011\" src=\"https:\/\/www.sar-el.org\/wp-content\/uploads\/2025\/07\/afse-e1753775727660-1024x1011.jpg\" class=\"attachment-large size-large wp-image-12579\" alt=\"\" srcset=\"https:\/\/www.sar-el.org\/wp-content\/uploads\/2025\/07\/afse-e1753775727660-1024x1011.jpg 1024w, https:\/\/www.sar-el.org\/wp-content\/uploads\/2025\/07\/afse-e1753775727660-300x296.jpg 300w, https:\/\/www.sar-el.org\/wp-content\/uploads\/2025\/07\/afse-e1753775727660-768x759.jpg 768w, https:\/\/www.sar-el.org\/wp-content\/uploads\/2025\/07\/afse-e1753775727660.jpg 1297w\" sizes=\"auto, (max-width: 1024px) 100vw, 1024px\" \/>\t\t\t\t\t\t\t\t\t\t\t\t\t\t<\/div>\n\t\t\t\t\t\t<\/div>\n\t\t\t\t<\/div>\n\t\t\t\t\t\t<\/div>\n\t\t\t\t\t<\/div>\n\t\t<\/div>\n\t\t\t\t<div class=\"elementor-column elementor-col-50 elementor-inner-column elementor-element elementor-element-fe713d3\" data-id=\"fe713d3\" data-element_type=\"column\">\n\t\t\t<div class=\"elementor-column-wrap elementor-element-populated\">\n\t\t\t\t\t\t\t<div class=\"elementor-widget-wrap\">\n\t\t\t\t\t\t<div class=\"elementor-element elementor-element-de0e49d elementor-widget elementor-widget-text-editor\" data-id=\"de0e49d\" data-element_type=\"widget\" data-widget_type=\"text-editor.default\">\n\t\t\t\t<div class=\"elementor-widget-container\">\n\t\t\t\t\t\t\t\t<div class=\"elementor-text-editor elementor-clearfix\">\n\t\t\t\t<p><em>Ce programme est rendu possible gr\u00e2ce au g\u00e9n\u00e9reux soutien des <u>American Friends of Sar-El<\/u>. <\/em><\/p>\t\t\t\t\t<\/div>\n\t\t\t\t\t\t<\/div>\n\t\t\t\t<\/div>\n\t\t\t\t\t\t<\/div>\n\t\t\t\t\t<\/div>\n\t\t<\/div>\n\t\t\t\t\t\t\t\t<\/div>\n\t\t\t\t\t<\/div>\n\t\t<\/section>\n\t\t\t\t<div class=\"elementor-element elementor-element-049892a elementor-align-center elementor-widget elementor-widget-button\" data-id=\"049892a\" data-element_type=\"widget\" data-widget_type=\"button.default\">\n\t\t\t\t<div class=\"elementor-widget-container\">\n\t\t\t\t\t<div class=\"elementor-button-wrapper\">\n\t\t\t<a href=\"https:\/\/www.sar-el.org\/fr\/registration\/\" target=\"_blank\" class=\"elementor-button-link elementor-button elementor-size-sm\" role=\"button\">\n\t\t\t\t\t\t<span class=\"elementor-button-content-wrapper\">\n\t\t\t\t\t\t<span class=\"elementor-button-text\">INSCRIVEZ-VOUS <\/span>\n\t\t<\/span>\n\t\t\t\t\t<\/a>\n\t\t<\/div>\n\t\t\t\t<\/div>\n\t\t\t\t<\/div>\n\t\t\t\t\t\t<\/div>\n\t\t\t\t\t<\/div>\n\t\t<\/div>\n\t\t\t\t<div class=\"elementor-column elementor-col-33 elementor-top-column elementor-element elementor-element-78f7de7\" data-id=\"78f7de7\" data-element_type=\"column\">\n\t\t\t<div class=\"elementor-column-wrap\">\n\t\t\t\t\t\t\t<div class=\"elementor-widget-wrap\">\n\t\t\t\t\t\t\t\t<\/div>\n\t\t\t\t\t<\/div>\n\t\t<\/div>\n\t\t\t\t<div class=\"elementor-column elementor-col-33 elementor-top-column elementor-element elementor-element-5688028\" data-id=\"5688028\" data-element_type=\"column\">\n\t\t\t<div class=\"elementor-column-wrap elementor-element-populated\">\n\t\t\t\t\t\t\t<div class=\"elementor-widget-wrap\">\n\t\t\t\t\t\t<div class=\"elementor-element elementor-element-a08193a elementor-widget elementor-widget-image\" data-id=\"a08193a\" data-element_type=\"widget\" data-widget_type=\"image.default\">\n\t\t\t\t<div class=\"elementor-widget-container\">\n\t\t\t\t\t\t\t\t<div class=\"elementor-image\">\n\t\t\t\t\t\t\t\t\t\t\t\t<img loading=\"lazy\" decoding=\"async\" width=\"1024\" height=\"1024\" src=\"https:\/\/www.sar-el.org\/wp-content\/uploads\/2024\/02\/mada-24-1024x1024.jpg\" class=\"attachment-large size-large wp-image-12665\" alt=\"\" srcset=\"https:\/\/www.sar-el.org\/wp-content\/uploads\/2024\/02\/mada-24-1024x1024.jpg 1024w, https:\/\/www.sar-el.org\/wp-content\/uploads\/2024\/02\/mada-24-300x300.jpg 300w, https:\/\/www.sar-el.org\/wp-content\/uploads\/2024\/02\/mada-24-150x150.jpg 150w, https:\/\/www.sar-el.org\/wp-content\/uploads\/2024\/02\/mada-24-768x768.jpg 768w, https:\/\/www.sar-el.org\/wp-content\/uploads\/2024\/02\/mada-24.jpg 1080w\" sizes=\"auto, (max-width: 1024px) 100vw, 1024px\" \/>\t\t\t\t\t\t\t\t\t\t\t\t\t\t<\/div>\n\t\t\t\t\t\t<\/div>\n\t\t\t\t<\/div>\n\t\t\t\t\t\t<\/div>\n\t\t\t\t\t<\/div>\n\t\t<\/div>\n\t\t\t\t\t\t\t\t<\/div>\n\t\t\t\t\t<\/div>\n\t\t<\/section>\n\t\t\t\t\t\t\t\t\t<\/div>\n\t\t\t<\/div>\n\t\t\t\t\t<\/div>\n\t\t","protected":false},"excerpt":{"rendered":"<p>Sar-El est fier d\u2019annoncer son partenariat avec le Magen David Adom (MDA), le service national d\u2019urgence d\u2019Isra\u00ebl, pour proposer le programme intensif de premiers secours \u00ab Ne\u2019eman Chaim \u00bb. Ce programme combine un volontariat logistique et significatif sur une base de Tsahal avec une formation essentielle en premiers secours, qui vous apportera les comp\u00e9tences et &hellip;<\/p>\n<p class=\"read-more\"> <a class=\"\" href=\"https:\/\/www.sar-el.org\/fr\/magen-david-adom\/\"> <span class=\"screen-reader-text\">Magen David Adom  (MDA)<\/span> Lire la suite \u00bb<\/a><\/p>\n","protected":false},"author":2,"featured_media":0,"parent":0,"menu_order":0,"comment_status":"closed","ping_status":"closed","template":"","meta":{"footnotes":""},"class_list":["post-12675","page","type-page","status-publish","hentry"],"yoast_head":"<!-- This site is optimized with the Yoast SEO plugin v15.9 - https:\/\/yoast.com\/wordpress\/plugins\/seo\/ -->\n<title>Magen David Adom (MDA) - SAR-EL - Volunteers for Israel<\/title>\n<meta name=\"robots\" content=\"index, follow, max-snippet:-1, max-image-preview:large, max-video-preview:-1\" \/>\n<link rel=\"canonical\" href=\"https:\/\/www.sar-el.org\/fr\/magen-david-adom\/\" \/>\n<meta property=\"og:locale\" content=\"fr_FR\" \/>\n<meta property=\"og:type\" content=\"article\" \/>\n<meta property=\"og:title\" content=\"Magen David Adom (MDA) - SAR-EL - Volunteers for Israel\" \/>\n<meta property=\"og:description\" content=\"Sar-El est fier d\u2019annoncer son partenariat avec le Magen David Adom (MDA), le service national d\u2019urgence d\u2019Isra\u00ebl, pour proposer le programme intensif de premiers secours \u00ab Ne\u2019eman Chaim \u00bb. Ce programme combine un volontariat logistique et significatif sur une base de Tsahal avec une formation essentielle en premiers secours, qui vous apportera les comp\u00e9tences et &hellip; Magen David Adom (MDA) Lire la suite \u00bb\" \/>\n<meta property=\"og:url\" content=\"https:\/\/www.sar-el.org\/fr\/magen-david-adom\/\" \/>\n<meta property=\"og:site_name\" content=\"SAR-EL - Volunteers for Israel\" \/>\n<meta property=\"article:modified_time\" content=\"2026-01-15T07:48:37+00:00\" \/>\n<meta property=\"og:image\" content=\"https:\/\/www.sar-el.org\/wp-content\/uploads\/2025\/07\/afse-e1753775727660-1024x1011.jpg\" \/>\n<meta name=\"twitter:card\" content=\"summary_large_image\" \/>\n<meta name=\"twitter:label1\" content=\"Dur\u00e9e de lecture est.\">\n\t<meta name=\"twitter:data1\" content=\"2 minutes\">\n<script type=\"application\/ld+json\" class=\"yoast-schema-graph\">{\"@context\":\"https:\/\/schema.org\",\"@graph\":[{\"@type\":\"WebSite\",\"@id\":\"https:\/\/www.sar-el.org\/fr\/#website\",\"url\":\"https:\/\/www.sar-el.org\/fr\/\",\"name\":\"SAR-EL - Volunteers for Israel\",\"description\":\"The National Project for Volunteers for Israel\",\"potentialAction\":[{\"@type\":\"SearchAction\",\"target\":\"https:\/\/www.sar-el.org\/fr\/?s={search_term_string}\",\"query-input\":\"required name=search_term_string\"}],\"inLanguage\":\"fr-FR\"},{\"@type\":\"ImageObject\",\"@id\":\"https:\/\/www.sar-el.org\/fr\/magen-david-adom\/#primaryimage\",\"inLanguage\":\"fr-FR\",\"url\":\"https:\/\/www.sar-el.org\/wp-content\/uploads\/2025\/07\/afse-e1753775727660.jpg\",\"width\":1297,\"height\":1281},{\"@type\":\"WebPage\",\"@id\":\"https:\/\/www.sar-el.org\/fr\/magen-david-adom\/#webpage\",\"url\":\"https:\/\/www.sar-el.org\/fr\/magen-david-adom\/\",\"name\":\"Magen David Adom (MDA) - SAR-EL - Volunteers for Israel\",\"isPartOf\":{\"@id\":\"https:\/\/www.sar-el.org\/fr\/#website\"},\"primaryImageOfPage\":{\"@id\":\"https:\/\/www.sar-el.org\/fr\/magen-david-adom\/#primaryimage\"},\"datePublished\":\"2024-12-05T14:19:29+00:00\",\"dateModified\":\"2026-01-15T07:48:37+00:00\",\"breadcrumb\":{\"@id\":\"https:\/\/www.sar-el.org\/fr\/magen-david-adom\/#breadcrumb\"},\"inLanguage\":\"fr-FR\",\"potentialAction\":[{\"@type\":\"ReadAction\",\"target\":[\"https:\/\/www.sar-el.org\/fr\/magen-david-adom\/\"]}]},{\"@type\":\"BreadcrumbList\",\"@id\":\"https:\/\/www.sar-el.org\/fr\/magen-david-adom\/#breadcrumb\",\"itemListElement\":[{\"@type\":\"ListItem\",\"position\":1,\"item\":{\"@type\":\"WebPage\",\"@id\":\"https:\/\/www.sar-el.org\/fr\/\",\"url\":\"https:\/\/www.sar-el.org\/fr\/\",\"name\":\"Home\"}},{\"@type\":\"ListItem\",\"position\":2,\"item\":{\"@type\":\"WebPage\",\"@id\":\"https:\/\/www.sar-el.org\/fr\/magen-david-adom\/\",\"url\":\"https:\/\/www.sar-el.org\/fr\/magen-david-adom\/\",\"name\":\"Magen David Adom (MDA)\"}}]}]}<\/script>\n<!-- \/ Yoast SEO plugin. -->","_links":{"self":[{"href":"https:\/\/www.sar-el.org\/fr\/wp-json\/wp\/v2\/pages\/12675","targetHints":{"allow":["GET"]}}],"collection":[{"href":"https:\/\/www.sar-el.org\/fr\/wp-json\/wp\/v2\/pages"}],"about":[{"href":"https:\/\/www.sar-el.org\/fr\/wp-json\/wp\/v2\/types\/page"}],"author":[{"embeddable":true,"href":"https:\/\/www.sar-el.org\/fr\/wp-json\/wp\/v2\/users\/2"}],"replies":[{"embeddable":true,"href":"https:\/\/www.sar-el.org\/fr\/wp-json\/wp\/v2\/comments?post=12675"}],"version-history":[{"count":10,"href":"https:\/\/www.sar-el.org\/fr\/wp-json\/wp\/v2\/pages\/12675\/revisions"}],"predecessor-version":[{"id":14431,"href":"https:\/\/www.sar-el.org\/fr\/wp-json\/wp\/v2\/pages\/12675\/revisions\/14431"}],"wp:attachment":[{"href":"https:\/\/www.sar-el.org\/fr\/wp-json\/wp\/v2\/media?parent=12675"}],"curies":[{"name":"wp","href":"https:\/\/api.w.org\/{rel}","templated":true}]}}