{"id":14372,"date":"2019-06-02T23:30:30","date_gmt":"2019-06-02T20:30:30","guid":{"rendered":"https:\/\/www.sar-el.org\/schedule\/"},"modified":"2026-01-07T23:24:03","modified_gmt":"2026-01-07T21:24:03","slug":"schedule","status":"publish","type":"page","link":"https:\/\/www.sar-el.org\/fr\/schedule\/","title":{"rendered":"Schedule"},"content":{"rendered":"\t\t<div data-elementor-type=\"wp-post\" data-elementor-id=\"14372\" class=\"elementor elementor-14372 elementor-1718\">\n\t\t\t\t\t\t<div class=\"elementor-inner\">\n\t\t\t\t<div class=\"elementor-section-wrap\">\n\t\t\t\t\t\t\t\t\t<section class=\"elementor-section elementor-top-section elementor-element elementor-element-5407137 elementor-section-stretched elementor-section-full_width elementor-section-height-min-height elementor-section-height-default elementor-section-items-middle\" data-id=\"5407137\" data-element_type=\"section\" data-settings=\"{&quot;stretch_section&quot;:&quot;section-stretched&quot;,&quot;background_background&quot;:&quot;classic&quot;}\">\n\t\t\t\t\t\t\t<div class=\"elementor-background-overlay\"><\/div>\n\t\t\t\t\t\t\t<div class=\"elementor-container elementor-column-gap-no\">\n\t\t\t\t\t\t\t<div class=\"elementor-row\">\n\t\t\t\t\t<div class=\"elementor-column elementor-col-100 elementor-top-column elementor-element elementor-element-dc64b14\" data-id=\"dc64b14\" data-element_type=\"column\">\n\t\t\t<div class=\"elementor-column-wrap elementor-element-populated\">\n\t\t\t\t\t\t\t<div class=\"elementor-widget-wrap\">\n\t\t\t\t\t\t\t\t<\/div>\n\t\t\t\t\t<\/div>\n\t\t<\/div>\n\t\t\t\t\t\t\t\t<\/div>\n\t\t\t\t\t<\/div>\n\t\t<\/section>\n\t\t\t\t<section class=\"elementor-section elementor-top-section elementor-element elementor-element-b07b20b elementor-section-full_width elementor-section-height-default elementor-section-height-default\" data-id=\"b07b20b\" data-element_type=\"section\">\n\t\t\t\t\t\t<div class=\"elementor-container elementor-column-gap-no\">\n\t\t\t\t\t\t\t<div class=\"elementor-row\">\n\t\t\t\t\t<div class=\"elementor-column elementor-col-33 elementor-top-column elementor-element elementor-element-6f4ff06\" data-id=\"6f4ff06\" data-element_type=\"column\">\n\t\t\t<div class=\"elementor-column-wrap elementor-element-populated\">\n\t\t\t\t\t\t\t<div class=\"elementor-widget-wrap\">\n\t\t\t\t\t\t<div class=\"elementor-element elementor-element-3b54b3c elementor-nav-menu--stretch elementor-nav-menu__align-left sidemenu elementor-hidden-tablet elementor-hidden-phone elementor-nav-menu--dropdown-tablet elementor-nav-menu__text-align-aside elementor-widget elementor-widget-nav-menu\" data-id=\"3b54b3c\" data-element_type=\"widget\" data-settings=\"{&quot;layout&quot;:&quot;vertical&quot;,&quot;full_width&quot;:&quot;stretch&quot;,&quot;submenu_icon&quot;:{&quot;value&quot;:&quot;&lt;i class=\\&quot;fas fa-caret-down\\&quot;&gt;&lt;\\\/i&gt;&quot;,&quot;library&quot;:&quot;fa-solid&quot;}}\" data-widget_type=\"nav-menu.default\">\n\t\t\t\t<div class=\"elementor-widget-container\">\n\t\t\t\t\t\t<nav class=\"elementor-nav-menu--main elementor-nav-menu__container elementor-nav-menu--layout-vertical e--pointer-text e--animation-skew\">\n\t\t\t\t<ul id=\"menu-1-3b54b3c\" class=\"elementor-nav-menu sm-vertical\"><li class=\"menu-item menu-item-type-post_type menu-item-object-page menu-item-13226\"><a href=\"https:\/\/www.sar-el.org\/fr\/registration\/\" class=\"elementor-item menu-link\">Inscription<\/a><\/li>\n<li class=\"menu-item menu-item-type-post_type menu-item-object-page menu-item-13227\"><a href=\"https:\/\/www.sar-el.org\/fr\/program-schedule\/\" class=\"elementor-item menu-link\">Calendrier des programmes<\/a><\/li>\n<li class=\"menu-item menu-item-type-post_type menu-item-object-page menu-item-13228\"><a href=\"https:\/\/www.sar-el.org\/fr\/volunteer-registration-process\/\" class=\"elementor-item menu-link\">Processus d\u2019inscription au volontariat<\/a><\/li>\n<li class=\"menu-item menu-item-type-post_type menu-item-object-page menu-item-13229\"><a href=\"https:\/\/www.sar-el.org\/fr\/what-to-expect\/\" class=\"elementor-item menu-link\">Ce qui vous attend<\/a><\/li>\n<li class=\"menu-item menu-item-type-post_type menu-item-object-page menu-item-13230\"><a href=\"https:\/\/www.sar-el.org\/fr\/rules-and-regulations\/\" class=\"elementor-item menu-link\">R\u00e8glement de SAR EL<\/a><\/li>\n<li class=\"menu-item menu-item-type-post_type menu-item-object-page menu-item-13231\"><a href=\"https:\/\/www.sar-el.org\/fr\/packing-list\/\" class=\"elementor-item menu-link\">Liste du mat\u00e9riel \u00e0 emporter<\/a><\/li>\n<\/ul>\t\t\t<\/nav>\n\t\t\t\t\t\t<nav class=\"elementor-nav-menu--dropdown elementor-nav-menu__container\" aria-hidden=\"true\">\n\t\t\t\t<ul id=\"menu-2-3b54b3c\" class=\"elementor-nav-menu sm-vertical\"><li class=\"menu-item menu-item-type-post_type menu-item-object-page menu-item-13226\"><a href=\"https:\/\/www.sar-el.org\/fr\/registration\/\" class=\"elementor-item menu-link\" tabindex=\"-1\">Inscription<\/a><\/li>\n<li class=\"menu-item menu-item-type-post_type menu-item-object-page menu-item-13227\"><a href=\"https:\/\/www.sar-el.org\/fr\/program-schedule\/\" class=\"elementor-item menu-link\" tabindex=\"-1\">Calendrier des programmes<\/a><\/li>\n<li class=\"menu-item menu-item-type-post_type menu-item-object-page menu-item-13228\"><a href=\"https:\/\/www.sar-el.org\/fr\/volunteer-registration-process\/\" class=\"elementor-item menu-link\" tabindex=\"-1\">Processus d\u2019inscription au volontariat<\/a><\/li>\n<li class=\"menu-item menu-item-type-post_type menu-item-object-page menu-item-13229\"><a href=\"https:\/\/www.sar-el.org\/fr\/what-to-expect\/\" class=\"elementor-item menu-link\" tabindex=\"-1\">Ce qui vous attend<\/a><\/li>\n<li class=\"menu-item menu-item-type-post_type menu-item-object-page menu-item-13230\"><a href=\"https:\/\/www.sar-el.org\/fr\/rules-and-regulations\/\" class=\"elementor-item menu-link\" tabindex=\"-1\">R\u00e8glement de SAR EL<\/a><\/li>\n<li class=\"menu-item menu-item-type-post_type menu-item-object-page menu-item-13231\"><a href=\"https:\/\/www.sar-el.org\/fr\/packing-list\/\" class=\"elementor-item menu-link\" tabindex=\"-1\">Liste du mat\u00e9riel \u00e0 emporter<\/a><\/li>\n<\/ul>\t\t\t<\/nav>\n\t\t\t\t<\/div>\n\t\t\t\t<\/div>\n\t\t\t\t\t\t<\/div>\n\t\t\t\t\t<\/div>\n\t\t<\/div>\n\t\t\t\t<div class=\"elementor-column elementor-col-66 elementor-top-column elementor-element elementor-element-1a0bfa9\" data-id=\"1a0bfa9\" data-element_type=\"column\">\n\t\t\t<div class=\"elementor-column-wrap elementor-element-populated\">\n\t\t\t\t\t\t\t<div class=\"elementor-widget-wrap\">\n\t\t\t\t\t\t<div class=\"elementor-element elementor-element-1c1c467 elementor-widget elementor-widget-text-editor\" data-id=\"1c1c467\" data-element_type=\"widget\" data-widget_type=\"text-editor.default\">\n\t\t\t\t<div class=\"elementor-widget-container\">\n\t\t\t\t\t\t\t\t<div class=\"elementor-text-editor elementor-clearfix\">\n\t\t\t\t<p>Nous proposons des dates de programme sp\u00e9cifiques ; veuillez v\u00e9rifier directement aupr\u00e8s de Sar-El si votre date n&rsquo;est pas list\u00e9e ci-dessous.<\/p>\t\t\t\t\t<\/div>\n\t\t\t\t\t\t<\/div>\n\t\t\t\t<\/div>\n\t\t\t\t<div class=\"elementor-element elementor-element-166c777 elementor-widget elementor-widget-heading\" data-id=\"166c777\" data-element_type=\"widget\" data-widget_type=\"heading.default\">\n\t\t\t\t<div class=\"elementor-widget-container\">\n\t\t\t<h2 class=\"elementor-heading-title elementor-size-default\">Programme de b\u00e9n\u00e9volat<\/h2>\t\t<\/div>\n\t\t\t\t<\/div>\n\t\t\t\t<section class=\"elementor-section elementor-inner-section elementor-element elementor-element-06f52f8 elementor-section-full_width elementor-section-height-default elementor-section-height-default\" data-id=\"06f52f8\" data-element_type=\"section\">\n\t\t\t\t\t\t<div class=\"elementor-container elementor-column-gap-narrow\">\n\t\t\t\t\t\t\t<div class=\"elementor-row\">\n\t\t\t\t\t<div class=\"elementor-column elementor-col-25 elementor-inner-column elementor-element elementor-element-ff2cbb6\" data-id=\"ff2cbb6\" data-element_type=\"column\">\n\t\t\t<div class=\"elementor-column-wrap\">\n\t\t\t\t\t\t\t<div class=\"elementor-widget-wrap\">\n\t\t\t\t\t\t\t\t<\/div>\n\t\t\t\t\t<\/div>\n\t\t<\/div>\n\t\t\t\t<div class=\"elementor-column elementor-col-25 elementor-inner-column elementor-element elementor-element-9cb1a51\" data-id=\"9cb1a51\" data-element_type=\"column\">\n\t\t\t<div class=\"elementor-column-wrap elementor-element-populated\">\n\t\t\t\t\t\t\t<div class=\"elementor-widget-wrap\">\n\t\t\t\t\t\t<div class=\"elementor-element elementor-element-a22b30a elementor-widget elementor-widget-image\" data-id=\"a22b30a\" data-element_type=\"widget\" data-widget_type=\"image.default\">\n\t\t\t\t<div class=\"elementor-widget-container\">\n\t\t\t\t\t\t\t\t<div class=\"elementor-image\">\n\t\t\t\t\t\t\t\t\t\t\t\t\t<a href=\"https:\/\/www.sar-el.org\/wp-content\/uploads\/2025\/01\/2025-sar-el-calendar-65-scaled-e1736843018239.jpg\" data-elementor-open-lightbox=\"yes\" data-elementor-lightbox-title=\"2024 sar-el calendar\" data-e-action-hash=\"#elementor-action%3Aaction%3Dlightbox%26settings%3DeyJpZCI6MTE5ODIsInVybCI6Imh0dHBzOlwvXC93d3cuc2FyLWVsLm9yZ1wvd3AtY29udGVudFwvdXBsb2Fkc1wvMjAyNVwvMDFcLzIwMjUtc2FyLWVsLWNhbGVuZGFyLTY1LXNjYWxlZC1lMTczNjg0MzAxODIzOS5qcGcifQ%3D%3D\">\n\t\t\t\t\t\t\t<img loading=\"lazy\" decoding=\"async\" width=\"1061\" height=\"1500\" src=\"https:\/\/www.sar-el.org\/wp-content\/uploads\/2025\/01\/2025-sar-el-calendar-65-scaled-e1736843018239.jpg\" class=\"elementor-animation-wobble-horizontal attachment-full size-full wp-image-11982\" alt=\"\" \/>\t\t\t\t\t\t\t\t<\/a>\n\t\t\t\t\t\t\t\t\t\t\t\t\t\t<\/div>\n\t\t\t\t\t\t<\/div>\n\t\t\t\t<\/div>\n\t\t\t\t\t\t<\/div>\n\t\t\t\t\t<\/div>\n\t\t<\/div>\n\t\t\t\t<div class=\"elementor-column elementor-col-25 elementor-inner-column elementor-element elementor-element-cbf0744\" data-id=\"cbf0744\" data-element_type=\"column\">\n\t\t\t<div class=\"elementor-column-wrap elementor-element-populated\">\n\t\t\t\t\t\t\t<div class=\"elementor-widget-wrap\">\n\t\t\t\t\t\t<div class=\"elementor-element elementor-element-2775745 elementor-widget elementor-widget-image\" data-id=\"2775745\" data-element_type=\"widget\" data-widget_type=\"image.default\">\n\t\t\t\t<div class=\"elementor-widget-container\">\n\t\t\t\t\t\t\t\t<div class=\"elementor-image\">\n\t\t\t\t\t\t\t\t\t\t\t\t\t<a href=\"https:\/\/www.sar-el.org\/wp-content\/uploads\/2025\/05\/2026-sar-el-calendar-scaled-e1746547017397.jpg\" data-elementor-open-lightbox=\"yes\" data-elementor-lightbox-title=\"2024 sar-el calendar\" data-e-action-hash=\"#elementor-action%3Aaction%3Dlightbox%26settings%3DeyJpZCI6MTE5ODMsInVybCI6Imh0dHBzOlwvXC93d3cuc2FyLWVsLm9yZ1wvd3AtY29udGVudFwvdXBsb2Fkc1wvMjAyNVwvMDVcLzIwMjYtc2FyLWVsLWNhbGVuZGFyLXNjYWxlZC1lMTc0NjU0NzAxNzM5Ny5qcGcifQ%3D%3D\">\n\t\t\t\t\t\t\t<img loading=\"lazy\" decoding=\"async\" width=\"1000\" height=\"1414\" src=\"https:\/\/www.sar-el.org\/wp-content\/uploads\/2025\/05\/2026-sar-el-calendar-scaled-e1746547017397.jpg\" class=\"elementor-animation-wobble-horizontal attachment-full size-full wp-image-11983\" alt=\"\" \/>\t\t\t\t\t\t\t\t<\/a>\n\t\t\t\t\t\t\t\t\t\t\t\t\t\t<\/div>\n\t\t\t\t\t\t<\/div>\n\t\t\t\t<\/div>\n\t\t\t\t\t\t<\/div>\n\t\t\t\t\t<\/div>\n\t\t<\/div>\n\t\t\t\t<div class=\"elementor-column elementor-col-25 elementor-inner-column elementor-element elementor-element-166047f\" data-id=\"166047f\" data-element_type=\"column\">\n\t\t\t<div class=\"elementor-column-wrap\">\n\t\t\t\t\t\t\t<div class=\"elementor-widget-wrap\">\n\t\t\t\t\t\t\t\t<\/div>\n\t\t\t\t\t<\/div>\n\t\t<\/div>\n\t\t\t\t\t\t\t\t<\/div>\n\t\t\t\t\t<\/div>\n\t\t<\/section>\n\t\t\t\t<section class=\"elementor-section elementor-inner-section elementor-element elementor-element-fe35952 elementor-section-full_width elementor-section-height-default elementor-section-height-default\" data-id=\"fe35952\" data-element_type=\"section\">\n\t\t\t\t\t\t<div class=\"elementor-container elementor-column-gap-narrow\">\n\t\t\t\t\t\t\t<div class=\"elementor-row\">\n\t\t\t\t\t<div class=\"elementor-column elementor-col-20 elementor-inner-column elementor-element elementor-element-ca8cf91\" data-id=\"ca8cf91\" data-element_type=\"column\">\n\t\t\t<div class=\"elementor-column-wrap\">\n\t\t\t\t\t\t\t<div class=\"elementor-widget-wrap\">\n\t\t\t\t\t\t\t\t<\/div>\n\t\t\t\t\t<\/div>\n\t\t<\/div>\n\t\t\t\t<div class=\"elementor-column elementor-col-20 elementor-inner-column elementor-element elementor-element-8faa097\" data-id=\"8faa097\" data-element_type=\"column\">\n\t\t\t<div class=\"elementor-column-wrap elementor-element-populated\">\n\t\t\t\t\t\t\t<div class=\"elementor-widget-wrap\">\n\t\t\t\t\t\t<div class=\"elementor-element elementor-element-8c38279 elementor-position-top elementor-vertical-align-top elementor-widget elementor-widget-image-box\" data-id=\"8c38279\" data-element_type=\"widget\" data-widget_type=\"image-box.default\">\n\t\t\t\t<div class=\"elementor-widget-container\">\n\t\t\t<div class=\"elementor-image-box-wrapper\"><figure class=\"elementor-image-box-img\"><a href=\"https:\/\/www.sar-el.org\/birthright-onward\/\"><img loading=\"lazy\" decoding=\"async\" width=\"912\" height=\"548\" src=\"https:\/\/www.sar-el.org\/wp-content\/uploads\/2025\/02\/taglit-logo-2025.jpg\" class=\"attachment-full size-full wp-image-12427\" alt=\"\" srcset=\"https:\/\/www.sar-el.org\/wp-content\/uploads\/2025\/02\/taglit-logo-2025.jpg 912w, https:\/\/www.sar-el.org\/wp-content\/uploads\/2025\/02\/taglit-logo-2025-300x180.jpg 300w, https:\/\/www.sar-el.org\/wp-content\/uploads\/2025\/02\/taglit-logo-2025-768x461.jpg 768w\" sizes=\"auto, (max-width: 912px) 100vw, 912px\" \/><\/a><\/figure><\/div>\t\t<\/div>\n\t\t\t\t<\/div>\n\t\t\t\t\t\t<\/div>\n\t\t\t\t\t<\/div>\n\t\t<\/div>\n\t\t\t\t<div class=\"elementor-column elementor-col-20 elementor-inner-column elementor-element elementor-element-0d66621\" data-id=\"0d66621\" data-element_type=\"column\">\n\t\t\t<div class=\"elementor-column-wrap elementor-element-populated\">\n\t\t\t\t\t\t\t<div class=\"elementor-widget-wrap\">\n\t\t\t\t\t\t<div class=\"elementor-element elementor-element-6e4b79d elementor-position-top elementor-vertical-align-top elementor-widget elementor-widget-image-box\" data-id=\"6e4b79d\" data-element_type=\"widget\" data-widget_type=\"image-box.default\">\n\t\t\t\t<div class=\"elementor-widget-container\">\n\t\t\t<div class=\"elementor-image-box-wrapper\"><figure class=\"elementor-image-box-img\"><a href=\"https:\/\/www.sar-el.org\/krav-maga\/\"><img loading=\"lazy\" decoding=\"async\" width=\"912\" height=\"548\" src=\"https:\/\/www.sar-el.org\/wp-content\/uploads\/2025\/06\/krav-mga-logo3.jpg\" class=\"attachment-full size-full wp-image-11984\" alt=\"\" srcset=\"https:\/\/www.sar-el.org\/wp-content\/uploads\/2025\/06\/krav-mga-logo3.jpg 912w, https:\/\/www.sar-el.org\/wp-content\/uploads\/2025\/06\/krav-mga-logo3-300x180.jpg 300w, https:\/\/www.sar-el.org\/wp-content\/uploads\/2025\/06\/krav-mga-logo3-768x461.jpg 768w\" sizes=\"auto, (max-width: 912px) 100vw, 912px\" \/><\/a><\/figure><\/div>\t\t<\/div>\n\t\t\t\t<\/div>\n\t\t\t\t\t\t<\/div>\n\t\t\t\t\t<\/div>\n\t\t<\/div>\n\t\t\t\t<div class=\"elementor-column elementor-col-20 elementor-inner-column elementor-element elementor-element-f639672\" data-id=\"f639672\" data-element_type=\"column\">\n\t\t\t<div class=\"elementor-column-wrap elementor-element-populated\">\n\t\t\t\t\t\t\t<div class=\"elementor-widget-wrap\">\n\t\t\t\t\t\t<div class=\"elementor-element elementor-element-4a8ef3a elementor-position-top elementor-vertical-align-top elementor-widget elementor-widget-image-box\" data-id=\"4a8ef3a\" data-element_type=\"widget\" data-widget_type=\"image-box.default\">\n\t\t\t\t<div class=\"elementor-widget-container\">\n\t\t\t<div class=\"elementor-image-box-wrapper\"><figure class=\"elementor-image-box-img\"><a href=\"https:\/\/www.sar-el.org\/magen-david-adom\/\"><img loading=\"lazy\" decoding=\"async\" width=\"225\" height=\"225\" src=\"https:\/\/www.sar-el.org\/wp-content\/uploads\/2024\/12\/mda-logo.png\" class=\"attachment-full size-full wp-image-11985\" alt=\"\" srcset=\"https:\/\/www.sar-el.org\/wp-content\/uploads\/2024\/12\/mda-logo.png 225w, https:\/\/www.sar-el.org\/wp-content\/uploads\/2024\/12\/mda-logo-150x150.png 150w\" sizes=\"auto, (max-width: 225px) 100vw, 225px\" \/><\/a><\/figure><\/div>\t\t<\/div>\n\t\t\t\t<\/div>\n\t\t\t\t\t\t<\/div>\n\t\t\t\t\t<\/div>\n\t\t<\/div>\n\t\t\t\t<div class=\"elementor-column elementor-col-20 elementor-inner-column elementor-element elementor-element-2f9b892\" data-id=\"2f9b892\" data-element_type=\"column\">\n\t\t\t<div class=\"elementor-column-wrap\">\n\t\t\t\t\t\t\t<div class=\"elementor-widget-wrap\">\n\t\t\t\t\t\t\t\t<\/div>\n\t\t\t\t\t<\/div>\n\t\t<\/div>\n\t\t\t\t\t\t\t\t<\/div>\n\t\t\t\t\t<\/div>\n\t\t<\/section>\n\t\t\t\t<div class=\"elementor-element elementor-element-01ee005 elementor-widget elementor-widget-spacer\" data-id=\"01ee005\" data-element_type=\"widget\" data-widget_type=\"spacer.default\">\n\t\t\t\t<div class=\"elementor-widget-container\">\n\t\t\t\t\t<div class=\"elementor-spacer\">\n\t\t\t<div class=\"elementor-spacer-inner\"><\/div>\n\t\t<\/div>\n\t\t\t\t<\/div>\n\t\t\t\t<\/div>\n\t\t\t\t<div class=\"elementor-element elementor-element-bdbae67 elementor-widget elementor-widget-spacer\" data-id=\"bdbae67\" data-element_type=\"widget\" data-widget_type=\"spacer.default\">\n\t\t\t\t<div class=\"elementor-widget-container\">\n\t\t\t\t\t<div class=\"elementor-spacer\">\n\t\t\t<div class=\"elementor-spacer-inner\"><\/div>\n\t\t<\/div>\n\t\t\t\t<\/div>\n\t\t\t\t<\/div>\n\t\t\t\t<div class=\"elementor-element elementor-element-0ec6d29 elementor-widget elementor-widget-text-editor\" data-id=\"0ec6d29\" data-element_type=\"widget\" data-widget_type=\"text-editor.default\">\n\t\t\t\t<div class=\"elementor-widget-container\">\n\t\t\t\t\t\t\t\t<div class=\"elementor-text-editor elementor-clearfix\">\n\t\t\t\tSi vous avez un groupe de 10 personnes ou plus, nous pouvons vous proposer la plupart des semaines avec un d\u00e9but le dimanche de votre choix. Veuillez noter que nous n&rsquo;organisons pas de programmes de b\u00e9n\u00e9volat les semaines incluant les principales f\u00eates isra\u00e9liennes et juives. N&rsquo;h\u00e9sitez pas \u00e0 nous contacter directement pour toute question.\n\nIl est important de noter que tous les programmes d\u00e9butent le dimanche et sont suspendus du jeudi apr\u00e8s-midi au dimanche matin. Vous devrez donc pr\u00e9voir votre h\u00e9bergement vous-m\u00eame chaque semaine durant cette p\u00e9riode.\n\nPour toute question concernant les dates, les heures d&rsquo;arriv\u00e9e ou votre mission, n&rsquo;h\u00e9sitez pas \u00e0 nous contacter \u00e0 l&rsquo;adresse <a href=\"mailto:info@sar-el.org\"><strong>info@sar-el.org<\/strong><\/a>. Nous sommes l\u00e0 pour vous aider.\t\t\t\t\t<\/div>\n\t\t\t\t\t\t<\/div>\n\t\t\t\t<\/div>\n\t\t\t\t<div class=\"elementor-element elementor-element-e385922 elementor-align-center elementor-widget elementor-widget-button\" data-id=\"e385922\" data-element_type=\"widget\" data-widget_type=\"button.default\">\n\t\t\t\t<div class=\"elementor-widget-container\">\n\t\t\t\t\t<div class=\"elementor-button-wrapper\">\n\t\t\t<a href=\"https:\/\/www.sar-el.org\/fr\/application-get-involved\/\" target=\"_blank\" class=\"elementor-button-link elementor-button elementor-size-xs\" role=\"button\">\n\t\t\t\t\t\t<span class=\"elementor-button-content-wrapper\">\n\t\t\t\t\t\t<span class=\"elementor-button-text\">Click here for registration<\/span>\n\t\t<\/span>\n\t\t\t\t\t<\/a>\n\t\t<\/div>\n\t\t\t\t<\/div>\n\t\t\t\t<\/div>\n\t\t\t\t\t\t<\/div>\n\t\t\t\t\t<\/div>\n\t\t<\/div>\n\t\t\t\t\t\t\t\t<\/div>\n\t\t\t\t\t<\/div>\n\t\t<\/section>\n\t\t\t\t\t\t\t\t\t<\/div>\n\t\t\t<\/div>\n\t\t\t\t\t<\/div>\n\t\t","protected":false},"excerpt":{"rendered":"<p>Nous proposons des dates de programme sp\u00e9cifiques ; veuillez v\u00e9rifier directement aupr\u00e8s de Sar-El si votre date n&rsquo;est pas list\u00e9e ci-dessous. Programme de b\u00e9n\u00e9volat Si vous avez un groupe de 10 personnes ou plus, nous pouvons vous proposer la plupart des semaines avec un d\u00e9but le dimanche de votre choix. Veuillez noter que nous n&rsquo;organisons &hellip;<\/p>\n<p class=\"read-more\"> <a class=\"\" href=\"https:\/\/www.sar-el.org\/fr\/schedule\/\"> <span class=\"screen-reader-text\">Schedule<\/span> Lire la suite \u00bb<\/a><\/p>\n","protected":false},"author":1,"featured_media":0,"parent":0,"menu_order":0,"comment_status":"closed","ping_status":"closed","template":"","meta":{"footnotes":""},"class_list":["post-14372","page","type-page","status-publish","hentry"],"yoast_head":"<!-- This site is optimized with the Yoast SEO plugin v15.9 - https:\/\/yoast.com\/wordpress\/plugins\/seo\/ -->\n<title>Schedule - SAR-EL - Volunteers for Israel<\/title>\n<meta name=\"robots\" content=\"index, follow, max-snippet:-1, max-image-preview:large, max-video-preview:-1\" \/>\n<link rel=\"canonical\" href=\"https:\/\/www.sar-el.org\/fr\/schedule\/\" \/>\n<meta property=\"og:locale\" content=\"fr_FR\" \/>\n<meta property=\"og:type\" content=\"article\" \/>\n<meta property=\"og:title\" content=\"Schedule - SAR-EL - Volunteers for Israel\" \/>\n<meta property=\"og:description\" content=\"Nous proposons des dates de programme sp\u00e9cifiques ; veuillez v\u00e9rifier directement aupr\u00e8s de Sar-El si votre date n&rsquo;est pas list\u00e9e ci-dessous. Programme de b\u00e9n\u00e9volat Si vous avez un groupe de 10 personnes ou plus, nous pouvons vous proposer la plupart des semaines avec un d\u00e9but le dimanche de votre choix. Veuillez noter que nous n&rsquo;organisons &hellip; Schedule Lire la suite \u00bb\" \/>\n<meta property=\"og:url\" content=\"https:\/\/www.sar-el.org\/fr\/schedule\/\" \/>\n<meta property=\"og:site_name\" content=\"SAR-EL - Volunteers for Israel\" \/>\n<meta property=\"article:modified_time\" content=\"2026-01-07T21:24:03+00:00\" \/>\n<meta property=\"og:image\" content=\"https:\/\/www.sar-el.org\/wp-content\/uploads\/2025\/01\/2025-sar-el-calendar-65-scaled-e1736843018239.jpg\" \/>\n<meta name=\"twitter:card\" content=\"summary_large_image\" \/>\n<meta name=\"twitter:label1\" content=\"Dur\u00e9e de lecture est.\">\n\t<meta name=\"twitter:data1\" content=\"2 minutes\">\n<script type=\"application\/ld+json\" class=\"yoast-schema-graph\">{\"@context\":\"https:\/\/schema.org\",\"@graph\":[{\"@type\":\"WebSite\",\"@id\":\"https:\/\/www.sar-el.org\/fr\/#website\",\"url\":\"https:\/\/www.sar-el.org\/fr\/\",\"name\":\"SAR-EL - Volunteers for Israel\",\"description\":\"The National Project for Volunteers for Israel\",\"potentialAction\":[{\"@type\":\"SearchAction\",\"target\":\"https:\/\/www.sar-el.org\/fr\/?s={search_term_string}\",\"query-input\":\"required name=search_term_string\"}],\"inLanguage\":\"fr-FR\"},{\"@type\":\"ImageObject\",\"@id\":\"https:\/\/www.sar-el.org\/fr\/schedule\/#primaryimage\",\"inLanguage\":\"fr-FR\",\"url\":\"https:\/\/www.sar-el.org\/wp-content\/uploads\/2025\/01\/2025-sar-el-calendar-65-scaled-e1736843018239.jpg\",\"width\":1061,\"height\":1500},{\"@type\":\"WebPage\",\"@id\":\"https:\/\/www.sar-el.org\/fr\/schedule\/#webpage\",\"url\":\"https:\/\/www.sar-el.org\/fr\/schedule\/\",\"name\":\"Schedule - SAR-EL - Volunteers for Israel\",\"isPartOf\":{\"@id\":\"https:\/\/www.sar-el.org\/fr\/#website\"},\"primaryImageOfPage\":{\"@id\":\"https:\/\/www.sar-el.org\/fr\/schedule\/#primaryimage\"},\"datePublished\":\"2019-06-02T20:30:30+00:00\",\"dateModified\":\"2026-01-07T21:24:03+00:00\",\"breadcrumb\":{\"@id\":\"https:\/\/www.sar-el.org\/fr\/schedule\/#breadcrumb\"},\"inLanguage\":\"fr-FR\",\"potentialAction\":[{\"@type\":\"ReadAction\",\"target\":[\"https:\/\/www.sar-el.org\/fr\/schedule\/\"]}]},{\"@type\":\"BreadcrumbList\",\"@id\":\"https:\/\/www.sar-el.org\/fr\/schedule\/#breadcrumb\",\"itemListElement\":[{\"@type\":\"ListItem\",\"position\":1,\"item\":{\"@type\":\"WebPage\",\"@id\":\"https:\/\/www.sar-el.org\/fr\/\",\"url\":\"https:\/\/www.sar-el.org\/fr\/\",\"name\":\"Home\"}},{\"@type\":\"ListItem\",\"position\":2,\"item\":{\"@type\":\"WebPage\",\"@id\":\"https:\/\/www.sar-el.org\/fr\/schedule\/\",\"url\":\"https:\/\/www.sar-el.org\/fr\/schedule\/\",\"name\":\"Schedule\"}}]}]}<\/script>\n<!-- \/ Yoast SEO plugin. -->","_links":{"self":[{"href":"https:\/\/www.sar-el.org\/fr\/wp-json\/wp\/v2\/pages\/14372","targetHints":{"allow":["GET"]}}],"collection":[{"href":"https:\/\/www.sar-el.org\/fr\/wp-json\/wp\/v2\/pages"}],"about":[{"href":"https:\/\/www.sar-el.org\/fr\/wp-json\/wp\/v2\/types\/page"}],"author":[{"embeddable":true,"href":"https:\/\/www.sar-el.org\/fr\/wp-json\/wp\/v2\/users\/1"}],"replies":[{"embeddable":true,"href":"https:\/\/www.sar-el.org\/fr\/wp-json\/wp\/v2\/comments?post=14372"}],"version-history":[{"count":4,"href":"https:\/\/www.sar-el.org\/fr\/wp-json\/wp\/v2\/pages\/14372\/revisions"}],"predecessor-version":[{"id":14393,"href":"https:\/\/www.sar-el.org\/fr\/wp-json\/wp\/v2\/pages\/14372\/revisions\/14393"}],"wp:attachment":[{"href":"https:\/\/www.sar-el.org\/fr\/wp-json\/wp\/v2\/media?parent=14372"}],"curies":[{"name":"wp","href":"https:\/\/api.w.org\/{rel}","templated":true}]}}